{"id":22229,"date":"2023-03-15T17:18:51","date_gmt":"2023-03-15T16:18:51","guid":{"rendered":"https:\/\/omtpme.ma\/?page_id=22229"},"modified":"2023-09-21T14:09:23","modified_gmt":"2023-09-21T12:09:23","slug":"mentions-legales","status":"publish","type":"page","link":"https:\/\/omtpme.ma\/ar\/mentions-legales\/","title":{"rendered":"\u0625\u0634\u0639\u0627\u0631 \u0642\u0627\u0646\u0648\u0646\u064a"},"content":{"rendered":"<h2 class=\"wp-block-heading\">\u0628\u062e\u0635\u0648\u0635 \u0627\u0644\u0645\u0648\u0642\u0639<\/h2>\n\n\n\n<p>\u0647\u0630\u0627 \u0627\u0644\u0645\u0648\u0642\u0639&nbsp;<a href=\"https:\/\/omtpme.ma\/ar\/\">www.omtpme.ma<\/a>&nbsp;\u0647\u0648 \u0645\u0644\u0643 \u0644\u0644\u0645\u0631\u0635\u062f \u0627\u0644\u0645\u063a\u0631\u0628\u064a \u0644\u0644\u0645\u0642\u0627\u0648\u0644\u0627\u062a \u0627\u0644\u0635\u063a\u064a\u0631\u0629 \u062c\u062f\u0627 \u0648\u0627\u0644\u0635\u063a\u0631\u0649 \u0648\u0627\u0644\u0645\u062a\u0648\u0633\u0637\u0629\u060c \u0627\u0644\u062a\u064a \u064a\u0642\u0639 \u0645\u0642\u0631\u0647\u0627 \u0627\u0644\u0631\u0626\u064a\u0633\u064a \u0628\u0627\u0644\u062f\u0627\u0631 \u0627\u0644\u0628\u064a\u0636\u0627\u0621\u060c 115 \u0634\u0627\u0631\u0639 \u0628\u0627\u0631\u064a\u0633.<\/p>\n\n\n\n<p>\u0627\u0644\u0647\u062f\u0641 \u0627\u0644\u0631\u0626\u064a\u0633\u064a \u0644\u0647\u0630\u0627 \u0627\u0644\u0645\u0648\u0642\u0639 \u0647\u0648 \u062a\u0633\u0647\u064a\u0644 \u0648\u0635\u0648\u0644 \u0627\u0644\u062c\u0645\u0647\u0648\u0631 \u0625\u0644\u0649 \u0627\u0644\u0645\u0639\u0644\u0648\u0645\u0627\u062a\u060c \u0645\u0646 \u062e\u0644\u0627\u0644 \u0633\u0644\u0633\u0644\u0629 \u0645\u0646 \u0627\u0644\u0645\u0624\u0634\u0631\u0627\u062a \u0627\u0644\u0631\u0626\u064a\u0633\u064a\u0629 \u0644\u0644\u062a\u0631\u0643\u064a\u0628\u0629 \u0627\u0644\u0633\u0643\u0627\u0646\u064a\u0629 \u0648\u0627\u0644\u0635\u062d\u0629 \u0627\u0644\u0627\u0642\u062a\u0635\u0627\u062f\u064a\u0629 \u0648\u0627\u0644\u0645\u0627\u0644\u064a\u0629 \u0644\u0644\u0634\u0631\u0643\u0627\u062a\u060c \u0648\u0644\u0627 \u0633\u064a\u0645\u0627 \u0627\u0644\u0634\u0631\u0643\u0627\u062a \u0627\u0644\u0635\u063a\u064a\u0631\u0629 \u0648\u0627\u0644\u0645\u062a\u0648\u0633\u0637\u0629 \u0627\u0644\u062a\u064a \u062a\u0634\u0643\u0644 \u0639\u0646\u0635\u0631\u0627 \u0647\u0627\u0645\u0627 \u0641\u064a \u0627\u0644\u0627\u0642\u062a\u0635\u0627\u062f \u0627\u0644\u0645\u063a\u0631\u0628\u064a.<\/p>\n\n\n\n<h2 class=\"wp-block-heading\">\u0634\u0631\u0648\u0637 \u0627\u0644\u0627\u0633\u062a\u0639\u0645\u0627\u0644<\/h2>\n\n\n\n<p>\u064a\u062e\u0636\u0639 \u0627\u0633\u062a\u062e\u062f\u0627\u0645 \u0647\u0630\u0627 \u0627\u0644\u0645\u0648\u0642\u0639&nbsp;<a href=\"https:\/\/omtpme.ma\/ar\/\">www.omtpme.ma<\/a>&nbsp;\u0644\u0644\u0634\u0631\u0648\u0637 \u0627\u0644\u062a\u0627\u0644\u064a\u0629:&nbsp;&nbsp;<\/p>\n\n\n\n<ul class=\"wp-block-list\">\n<li>\u0648\u064a\u064f\u0637\u0644\u0628 \u0645\u0646 \u0627\u0644\u0645\u0633\u062a\u062e\u062f\u0645\u064a\u0646 \u0627\u0644\u062a\u0623\u0643\u062f \u0645\u0646 \u0627\u0644\u0639\u0646\u0648\u0627\u0646 \u0627\u0644\u062d\u0642\u064a\u0642\u064a \u0644\u0645\u0648\u0642\u0639 \u0627\u0644\u0628\u0648\u0627\u0628\u0629 \u0627\u0644\u0631\u0633\u0645\u064a\u0629 \u0644\u0644\u0645\u0631\u0635\u062f \u0627\u0644\u0645\u063a\u0631\u0628\u064a \u0644\u0644\u0645\u0642\u0627\u0648\u0644\u0627\u062a \u0627\u0644\u0635\u063a\u064a\u0631\u0629 \u062c\u062f\u0627 \u0648\u0627\u0644\u0635\u063a\u0631\u0649 \u0648\u0627\u0644\u0645\u062a\u0648\u0633\u0637\u0629&nbsp;&nbsp;<a href=\"https:\/\/omtpme.ma\/ar\/\">www.omtpme.ma<\/a>&nbsp;. \u064a\u0631\u0641\u0636 \u0627\u0644\u0645\u0631\u0635\u062f \u0627\u0644\u0645\u063a\u0631\u0628\u064a \u0644\u0644\u0645\u0642\u0627\u0648\u0644\u0627\u062a \u0627\u0644\u0635\u063a\u064a\u0631\u0629 \u062c\u062f\u0627 \u0648\u0627\u0644\u0635\u063a\u0631\u0649 \u0648\u0627\u0644\u0645\u062a\u0648\u0633\u0637\u0629 \u0643\u0627\u0641\u0629 \u0627\u0644\u0645\u0633\u0624\u0648\u0644\u064a\u0629 \u0639\u0646 \u0627\u0644\u0645\u0648\u0627\u0642\u0639 \u0627\u0644\u0623\u062e\u0631\u0649 \u0627\u0644\u062a\u064a \u0642\u062f \u064a\u062a\u0645 \u0648\u0636\u0639\u0647\u0627 \u0639\u0644\u0649 \u0627\u0644\u0625\u0646\u062a\u0631\u0646\u062a \u0628\u0627\u0633\u0645\u0647 \u0648\u0627\u0644\u062a\u064a \u064a\u0643\u0648\u0646 \u0639\u0646\u0648\u0627\u0646\u0647\u0627 \u0645\u062e\u062a\u0644\u0641\u064b\u0627 \u0639\u0646 \u0627\u0644\u0639\u0646\u0648\u0627\u0646 \u0627\u0644\u0645\u0630\u0643\u0648\u0631 \u0623\u0639\u0644\u0627\u0647.<\/li>\n\n\n\n<li>\u0627\u0644\u0648\u062b\u0627\u0626\u0642 \u0627\u0644\u0645\u0642\u062f\u0645\u0629 \u0641\u064a \u0647\u0630\u0627 \u0627\u0644\u0645\u0648\u0642\u0639 \u0645\u0642\u062f\u0645\u0629 \u0644\u0644\u0639\u0644\u0645 \u0648\u0644\u0644\u0627\u0641\u062a\u062a\u0627\u062d \u0641\u0642\u0637 \u0648\u062a\u0634\u0643\u0644 \u0645\u0639\u0644\u0648\u0645\u0627\u062a \u0639\u0627\u0645\u0629 \u062a\u062a\u0639\u0644\u0642 \u0628\u0645\u062c\u0627\u0644\u0627\u062a \u0645\u0647\u0645\u0629 \u0627\u0644\u0645\u0631\u0635\u062f \u0627\u0644\u0645\u063a\u0631\u0628\u064a \u0644\u0644\u0645\u0642\u0627\u0648\u0644\u0627\u062a \u0627\u0644\u0635\u063a\u064a\u0631\u0629 \u062c\u062f\u0627 \u0648\u0627\u0644\u0635\u063a\u0631\u0649 \u0648\u0627\u0644\u0645\u062a\u0648\u0633\u0637\u0629<\/li>\n\n\n\n<li>\u062d\u0642\u0648\u0642 \u0627\u0644\u0637\u0628\u0639 \u0648\u0627\u0644\u0646\u0634\u0631 \u0639\u0644\u0649 \u0647\u0630\u0627 \u0627\u0644\u0645\u0648\u0642\u0639 \u0648\u062c\u0645\u064a\u0639 \u0627\u0644\u0648\u062b\u0627\u0626\u0642 \u0627\u0644\u0648\u0627\u0631\u062f\u0629 \u0641\u064a\u0647 \u0645\u0645\u0644\u0648\u0643\u0629 \u0644\u0644\u0645\u0631\u0635\u062f \u0627\u0644\u0645\u063a\u0631\u0628\u064a \u0644\u0644\u0645\u0642\u0627\u0648\u0644\u0627\u062a \u0627\u0644\u0635\u063a\u064a\u0631\u0629 \u062c\u062f\u0627 \u0648\u0627\u0644\u0635\u063a\u0631\u0649 \u0648\u0627\u0644\u0645\u062a\u0648\u0633\u0637\u0629. \u0644\u0627 \u064a\u062c\u0648\u0632 \u0625\u0639\u0627\u062f\u0629 \u0625\u0646\u062a\u0627\u062c \u0647\u0630\u0627 \u0627\u0644\u0645\u0648\u0642\u0639\u060c \u0643\u0644\u064a\u064b\u0627 \u0623\u0648 \u062c\u0632\u0626\u064a\u064b\u0627\u060c \u062f\u0648\u0646 \u0627\u0644\u062d\u0635\u0648\u0644 \u0639\u0644\u0649 \u0645\u0648\u0627\u0641\u0642\u0629 \u0643\u062a\u0627\u0628\u064a\u0629 \u0635\u0631\u064a\u062d\u0629 \u0645\u0633\u0628\u0642\u0629 \u0645\u0646 \u0627\u0644\u0645\u0631\u0635\u062f \u0627\u0644\u0645\u063a\u0631\u0628\u064a \u0644\u0644\u0645\u0642\u0627\u0648\u0644\u0627\u062a \u0627\u0644\u0635\u063a\u064a\u0631\u0629 \u062c\u062f\u0627 \u0648\u0627\u0644\u0635\u063a\u0631\u0649 \u0648\u0627\u0644\u0645\u062a\u0648\u0633\u0637\u0629. \u0644\u0644\u062d\u0635\u0648\u0644 \u0639\u0644\u0649 \u0647\u0630\u0647 \u0627\u0644\u0645\u0648\u0627\u0641\u0642\u0629 \u064a\u0631\u062c\u0649 \u0625\u0631\u0633\u0627\u0644 \u0637\u0644\u0628\u0627\u062a\u0643\u0645 \u0625\u0644\u0649 \u0627\u0644\u0639\u0646\u0648\u0627\u0646 \u0627\u0644\u0631\u0633\u0645\u064a \u0644\u0644\u0645\u0631\u0635\u062f \u0623\u062f\u0646\u0627\u0647<\/li>\n<\/ul>\n\n\n\n<h2 class=\"wp-block-heading\">\u0627\u0644\u0648\u0635\u0648\u0644 \u0625\u0644\u0649 \u0627\u0644\u0645\u0639\u0644\u0648\u0645\u0627\u062a<\/h2>\n\n\n\n<p>\u064a\u062a\u0645 \u062a\u0648\u0641\u064a\u0631 \u0627\u0644\u0645\u0639\u0644\u0648\u0645\u0627\u062a \u0648\u0627\u0644\u062a\u0642\u0627\u0631\u064a\u0631 \u0648\u0627\u0644\u0646\u0634\u0631\u0627\u062a \u0627\u0644\u0635\u062d\u0641\u064a\u0629 \u0648\u0627\u0644\u0625\u062d\u0635\u0627\u0626\u064a\u0627\u062a \u0648\u0627\u0644\u0645\u0646\u0634\u0648\u0631\u0627\u062a \u0627\u0644\u0645\u0624\u0633\u0633\u064a\u0629 \u0644\u0644\u0645\u0631\u0635\u062f \u0627\u0644\u0645\u063a\u0631\u0628\u064a \u0644\u0644\u0645\u0642\u0627\u0648\u0644\u0627\u062a \u0627\u0644\u0635\u063a\u064a\u0631\u0629 \u062c\u062f\u0627 \u0648\u0627\u0644\u0635\u063a\u0631\u0649 \u0648\u0627\u0644\u0645\u062a\u0648\u0633\u0637\u0629 \u0645\u0646 \u062e\u0644\u0627\u0644 \u0647\u0630\u0627 \u0627\u0644\u0645\u0648\u0642\u0639\u060c \u0648\u0630\u0644\u0643 \u0627\u0639\u062a\u0631\u0627\u0641\u0627 \u0628\u062d\u0642 \u0627\u0644\u0648\u0635\u0648\u0644 \u0625\u0644\u0649 \u0627\u0644\u0645\u0639\u0644\u0648\u0645\u0627\u062a \u0627\u0644\u0645\u0646\u0635\u0648\u0635 \u0639\u0644\u064a\u0647 \u0641\u064a \u062f\u0633\u062a\u0648\u0631 \u0627\u0644\u0645\u0645\u0644\u0643\u0629 \u0627\u0644\u0645\u063a\u0631\u0628\u064a\u0629.<\/p>\n\n\n\n<h2 class=\"wp-block-heading\">\u0645\u0644\u0641\u0627\u062a \u062a\u0639\u0631\u064a\u0641 \u0627\u0644\u0627\u0631\u062a\u0628\u0627\u0637<\/h2>\n\n\n\n<p>\u0644\u0627 \u064a\u0633\u062a\u062e\u062f\u0645 \u0647\u0630\u0627 \u0627\u0644\u0645\u0648\u0642\u0639 \u0645\u0644\u0641\u0627\u062a \u062a\u0639\u0631\u064a\u0641 \u0627\u0644\u0627\u0631\u062a\u0628\u0627\u0637 \u0627\u0644\u062a\u064a \u062a\u0633\u062a\u062e\u062f\u0645 \u0627\u0644\u0628\u064a\u0627\u0646\u0627\u062a \u0627\u0644\u0634\u062e\u0635\u064a\u0629.<\/p>\n\n\n\n<p>\u0625\u0630\u0627 \u0642\u0631\u0631 \u0627\u0644\u0645\u0631\u0635\u062f \u0627\u0644\u0645\u063a\u0631\u0628\u064a \u0644\u0644\u0645\u0642\u0627\u0648\u0644\u0627\u062a \u0627\u0644\u0635\u063a\u064a\u0631\u0629 \u062c\u062f\u0627 \u0648\u0627\u0644\u0635\u063a\u0631\u0649 \u0648\u0627\u0644\u0645\u062a\u0648\u0633\u0637\u0629 \u0644\u0627\u062d\u0642\u064b\u0627 \u0627\u0644\u0642\u064a\u0627\u0645 \u0628\u0630\u0644\u0643\u060c \u0641\u0633\u064a\u0643\u0648\u0646 \u0630\u0644\u0643 \u0639\u0644\u0649 \u0623\u0633\u0627\u0633 \u0645\u0648\u0627\u0641\u0642\u0629 \u0645\u0633\u062a\u062e\u062f\u0645 \u0627\u0644\u0625\u0646\u062a\u0631\u0646\u062a \u0642\u0628\u0644 \u0625\u064a\u062f\u0627\u0639 \u0645\u0644\u0641\u0627\u062a \u062a\u0639\u0631\u064a\u0641 \u0627\u0644\u0627\u0631\u062a\u0628\u0627\u0637 \u0647\u0630\u0647. \u0648\u0628\u0627\u0644\u0645\u062b\u0644\u060c \u0633\u064a\u062a\u0645 \u062a\u0642\u062f\u064a\u0645 \u0627\u0644\u063a\u0631\u0636 \u0645\u0646 \u0627\u0633\u062a\u062e\u062f\u0627\u0645 \u0645\u0644\u0641\u0627\u062a \u062a\u0639\u0631\u064a\u0641 \u0627\u0644\u0627\u0631\u062a\u0628\u0627\u0637 \u0648\u0634\u0631\u062d \u0644\u0645\u0633\u062a\u062e\u062f\u0645 \u0627\u0644\u0625\u0646\u062a\u0631\u0646\u062a \u062d\u0648\u0644 \u0648\u0633\u0627\u0626\u0644 \u0645\u0639\u0627\u0631\u0636\u062a\u0647.<\/p>\n\n\n\n<p class=\"has-text-align-center\">\u0627\u0644\u0645\u0631\u0635\u062f \u0627\u0644\u0645\u063a\u0631\u0628\u064a \u0644\u0644\u0645\u0642\u0627\u0648\u0644\u0627\u062a \u0627\u0644\u0635\u063a\u064a\u0631\u0629 \u062c\u062f\u0627 \u0648\u0627\u0644\u0635\u063a\u0631\u0649 \u0648\u0627\u0644\u0645\u062a\u0648\u0633\u0637\u0629<\/p>\n\n\n\n<p class=\"has-text-align-center\">\u0628\u0646\u0643 \u0627\u0644\u0645\u063a\u0631\u0628\u060c 115\u060c \u0634\u0627\u0631\u0639 \u0628\u0627\u0631\u064a\u0633\u060c \u0627\u0644\u062f\u0627\u0631 \u0627\u0644\u0628\u064a\u0636\u0627\u0621<\/p>\n\n\n\n<p class=\"has-text-align-center\">\u0627\u0644\u0645\u063a\u0631\u0628 20000<\/p>","protected":false},"excerpt":{"rendered":"<p>Pr\u00e9sentation du site Le pr\u00e9sent site&nbsp;www.omtpme.ma&nbsp;est la propri\u00e9t\u00e9 de L\u2019Observatoire Marocain de la TPME, dont le si\u00e8ge est situ\u00e9 \u00e0 Casablanca, 115, Boulevard de Paris. Ce site a pour objectif&hellip;<\/p>","protected":false},"author":1,"featured_media":0,"parent":0,"menu_order":0,"comment_status":"closed","ping_status":"closed","template":"","meta":{"_acf_changed":false,"footnotes":""},"class_list":["post-22229","page","type-page","status-publish","hentry"],"acf":[],"yoast_head":"<!-- This site is optimized with the Yoast SEO plugin v22.8 - https:\/\/yoast.com\/wordpress\/plugins\/seo\/ -->\n<title>Mentions l\u00e9gales - L&#039;Observatoire Marocain de la TPME - OMTPME<\/title>\n<meta name=\"robots\" content=\"index, follow, max-snippet:-1, max-image-preview:large, max-video-preview:-1\" \/>\n<link rel=\"canonical\" href=\"https:\/\/omtpme.ma\/ar\/mentions-legales\/\" \/>\n<meta property=\"og:locale\" content=\"ar_AR\" \/>\n<meta property=\"og:type\" content=\"article\" \/>\n<meta property=\"og:title\" content=\"Mentions l\u00e9gales - L&#039;Observatoire Marocain de la TPME - OMTPME\" \/>\n<meta property=\"og:description\" content=\"Pr\u00e9sentation du site Le pr\u00e9sent site&nbsp;www.omtpme.ma&nbsp;est la propri\u00e9t\u00e9 de L\u2019Observatoire Marocain de la TPME, dont le si\u00e8ge est situ\u00e9 \u00e0 Casablanca, 115, Boulevard de Paris. Ce site a pour objectif&hellip;\" \/>\n<meta property=\"og:url\" content=\"https:\/\/omtpme.ma\/ar\/mentions-legales\/\" \/>\n<meta property=\"og:site_name\" content=\"L&#039;Observatoire Marocain de la TPME - OMTPME\" \/>\n<meta property=\"article:publisher\" content=\"https:\/\/www.facebook.com\/ObservatoireMarocaindelaTPME\/\" \/>\n<meta property=\"article:modified_time\" content=\"2023-09-21T12:09:23+00:00\" \/>\n<meta name=\"twitter:card\" content=\"summary_large_image\" \/>\n<meta name=\"twitter:site\" content=\"@OMTPME\" \/>\n<meta name=\"twitter:label1\" content=\"\u0648\u0642\u062a \u0627\u0644\u0642\u0631\u0627\u0621\u0629 \u0627\u0644\u0645\u064f\u0642\u062f\u0651\u0631\" \/>\n\t<meta name=\"twitter:data1\" content=\"\u062f\u0642\u064a\u0642\u062a\u0627\u0646\" \/>\n<script type=\"application\/ld+json\" class=\"yoast-schema-graph\">{\"@context\":\"https:\/\/schema.org\",\"@graph\":[{\"@type\":\"WebPage\",\"@id\":\"https:\/\/omtpme.ma\/mentions-legales\/\",\"url\":\"https:\/\/omtpme.ma\/mentions-legales\/\",\"name\":\"Mentions l\u00e9gales - L&#039;Observatoire Marocain de la TPME - OMTPME\",\"isPartOf\":{\"@id\":\"https:\/\/omtpme.ma\/#website\"},\"datePublished\":\"2023-03-15T16:18:51+00:00\",\"dateModified\":\"2023-09-21T12:09:23+00:00\",\"breadcrumb\":{\"@id\":\"https:\/\/omtpme.ma\/mentions-legales\/#breadcrumb\"},\"inLanguage\":\"ar\",\"potentialAction\":[{\"@type\":\"ReadAction\",\"target\":[\"https:\/\/omtpme.ma\/mentions-legales\/\"]}]},{\"@type\":\"BreadcrumbList\",\"@id\":\"https:\/\/omtpme.ma\/mentions-legales\/#breadcrumb\",\"itemListElement\":[{\"@type\":\"ListItem\",\"position\":1,\"name\":\"Accueil\",\"item\":\"https:\/\/omtpme.ma\/\"},{\"@type\":\"ListItem\",\"position\":2,\"name\":\"Mentions l\u00e9gales\"}]},{\"@type\":\"WebSite\",\"@id\":\"https:\/\/omtpme.ma\/#website\",\"url\":\"https:\/\/omtpme.ma\/\",\"name\":\"L&#039;Observatoire Marocain de la TPME - OMTPME\",\"description\":\"L&#039;Observatoire Marocain de la TPME - OMTPME\",\"publisher\":{\"@id\":\"https:\/\/omtpme.ma\/#organization\"},\"potentialAction\":[{\"@type\":\"SearchAction\",\"target\":{\"@type\":\"EntryPoint\",\"urlTemplate\":\"https:\/\/omtpme.ma\/?s={search_term_string}\"},\"query-input\":\"required name=search_term_string\"}],\"inLanguage\":\"ar\"},{\"@type\":\"Organization\",\"@id\":\"https:\/\/omtpme.ma\/#organization\",\"name\":\"L&#039;Observatoire Marocain de la TPME - OMTPME\",\"url\":\"https:\/\/omtpme.ma\/\",\"logo\":{\"@type\":\"ImageObject\",\"inLanguage\":\"ar\",\"@id\":\"https:\/\/omtpme.ma\/#\/schema\/logo\/image\/\",\"url\":\"https:\/\/omtpme.ma\/wp-content\/uploads\/2022\/01\/cropped-logo_omtpme-13.png\",\"contentUrl\":\"https:\/\/omtpme.ma\/wp-content\/uploads\/2022\/01\/cropped-logo_omtpme-13.png\",\"width\":240,\"height\":57,\"caption\":\"L&#039;Observatoire Marocain de la TPME - OMTPME\"},\"image\":{\"@id\":\"https:\/\/omtpme.ma\/#\/schema\/logo\/image\/\"},\"sameAs\":[\"https:\/\/www.facebook.com\/ObservatoireMarocaindelaTPME\/\",\"https:\/\/x.com\/OMTPME\",\"https:\/\/www.linkedin.com\/company\/observatoire-marocain-de-la-tpme\/?originalSubdomain=ma\",\"https:\/\/www.instagram.com\/OMTPME\",\"https:\/\/www.youtube.com\/@OMTPME\"]}]}<\/script>\n<!-- \/ Yoast SEO plugin. -->","yoast_head_json":{"title":"Mentions l\u00e9gales - L&#039;Observatoire Marocain de la TPME - OMTPME","robots":{"index":"index","follow":"follow","max-snippet":"max-snippet:-1","max-image-preview":"max-image-preview:large","max-video-preview":"max-video-preview:-1"},"canonical":"https:\/\/omtpme.ma\/ar\/mentions-legales\/","og_locale":"ar_AR","og_type":"article","og_title":"Mentions l\u00e9gales - L&#039;Observatoire Marocain de la TPME - OMTPME","og_description":"Pr\u00e9sentation du site Le pr\u00e9sent site&nbsp;www.omtpme.ma&nbsp;est la propri\u00e9t\u00e9 de L\u2019Observatoire Marocain de la TPME, dont le si\u00e8ge est situ\u00e9 \u00e0 Casablanca, 115, Boulevard de Paris. Ce site a pour objectif&hellip;","og_url":"https:\/\/omtpme.ma\/ar\/mentions-legales\/","og_site_name":"L&#039;Observatoire Marocain de la TPME - OMTPME","article_publisher":"https:\/\/www.facebook.com\/ObservatoireMarocaindelaTPME\/","article_modified_time":"2023-09-21T12:09:23+00:00","twitter_card":"summary_large_image","twitter_site":"@OMTPME","twitter_misc":{"\u0648\u0642\u062a \u0627\u0644\u0642\u0631\u0627\u0621\u0629 \u0627\u0644\u0645\u064f\u0642\u062f\u0651\u0631":"\u062f\u0642\u064a\u0642\u062a\u0627\u0646"},"schema":{"@context":"https:\/\/schema.org","@graph":[{"@type":"WebPage","@id":"https:\/\/omtpme.ma\/mentions-legales\/","url":"https:\/\/omtpme.ma\/mentions-legales\/","name":"Mentions l\u00e9gales - L&#039;Observatoire Marocain de la TPME - OMTPME","isPartOf":{"@id":"https:\/\/omtpme.ma\/#website"},"datePublished":"2023-03-15T16:18:51+00:00","dateModified":"2023-09-21T12:09:23+00:00","breadcrumb":{"@id":"https:\/\/omtpme.ma\/mentions-legales\/#breadcrumb"},"inLanguage":"ar","potentialAction":[{"@type":"ReadAction","target":["https:\/\/omtpme.ma\/mentions-legales\/"]}]},{"@type":"BreadcrumbList","@id":"https:\/\/omtpme.ma\/mentions-legales\/#breadcrumb","itemListElement":[{"@type":"ListItem","position":1,"name":"Accueil","item":"https:\/\/omtpme.ma\/"},{"@type":"ListItem","position":2,"name":"Mentions l\u00e9gales"}]},{"@type":"WebSite","@id":"https:\/\/omtpme.ma\/#website","url":"https:\/\/omtpme.ma\/","name":"L&#039;Observatoire Marocain de la TPME - OMTPME","description":"L&#039;Observatoire Marocain de la TPME - OMTPME","publisher":{"@id":"https:\/\/omtpme.ma\/#organization"},"potentialAction":[{"@type":"SearchAction","target":{"@type":"EntryPoint","urlTemplate":"https:\/\/omtpme.ma\/?s={search_term_string}"},"query-input":"required name=search_term_string"}],"inLanguage":"ar"},{"@type":"Organization","@id":"https:\/\/omtpme.ma\/#organization","name":"L&#039;Observatoire Marocain de la TPME - OMTPME","url":"https:\/\/omtpme.ma\/","logo":{"@type":"ImageObject","inLanguage":"ar","@id":"https:\/\/omtpme.ma\/#\/schema\/logo\/image\/","url":"https:\/\/omtpme.ma\/wp-content\/uploads\/2022\/01\/cropped-logo_omtpme-13.png","contentUrl":"https:\/\/omtpme.ma\/wp-content\/uploads\/2022\/01\/cropped-logo_omtpme-13.png","width":240,"height":57,"caption":"L&#039;Observatoire Marocain de la TPME - OMTPME"},"image":{"@id":"https:\/\/omtpme.ma\/#\/schema\/logo\/image\/"},"sameAs":["https:\/\/www.facebook.com\/ObservatoireMarocaindelaTPME\/","https:\/\/x.com\/OMTPME","https:\/\/www.linkedin.com\/company\/observatoire-marocain-de-la-tpme\/?originalSubdomain=ma","https:\/\/www.instagram.com\/OMTPME","https:\/\/www.youtube.com\/@OMTPME"]}]}},"_links":{"self":[{"href":"https:\/\/omtpme.ma\/ar\/wp-json\/wp\/v2\/pages\/22229","targetHints":{"allow":["GET"]}}],"collection":[{"href":"https:\/\/omtpme.ma\/ar\/wp-json\/wp\/v2\/pages"}],"about":[{"href":"https:\/\/omtpme.ma\/ar\/wp-json\/wp\/v2\/types\/page"}],"author":[{"embeddable":true,"href":"https:\/\/omtpme.ma\/ar\/wp-json\/wp\/v2\/users\/1"}],"replies":[{"embeddable":true,"href":"https:\/\/omtpme.ma\/ar\/wp-json\/wp\/v2\/comments?post=22229"}],"version-history":[{"count":0,"href":"https:\/\/omtpme.ma\/ar\/wp-json\/wp\/v2\/pages\/22229\/revisions"}],"wp:attachment":[{"href":"https:\/\/omtpme.ma\/ar\/wp-json\/wp\/v2\/media?parent=22229"}],"curies":[{"name":"wp","href":"https:\/\/api.w.org\/{rel}","templated":true}]}}