{"id":23907,"date":"2023-04-14T13:42:13","date_gmt":"2023-04-14T11:42:13","guid":{"rendered":"https:\/\/omtpme.ma\/?page_id=23907"},"modified":"2023-04-14T13:48:22","modified_gmt":"2023-04-14T11:48:22","slug":"podcast","status":"publish","type":"page","link":"https:\/\/omtpme.ma\/ar\/podcast\/","title":{"rendered":"\u0628\u0648\u062f\u0643\u0627\u0633\u062a"},"content":{"rendered":"<div data-elementor-type=\"wp-page\" data-elementor-id=\"23907\" class=\"elementor elementor-23907\">\n\t\t\t\t\t\t<section class=\"elementor-section elementor-top-section elementor-element elementor-element-8725706 elementor-section-boxed elementor-section-height-default elementor-section-height-default sc_fly_static\" data-id=\"8725706\" data-element_type=\"section\">\n\t\t\t\t\t\t<div class=\"elementor-container elementor-column-gap-extended\">\n\t\t\t\t\t<div class=\"elementor-column elementor-col-100 elementor-top-column elementor-element elementor-element-226a502 sc_inner_width_none sc_content_align_inherit sc_layouts_column_icons_position_left sc_fly_static\" data-id=\"226a502\" data-element_type=\"column\">\n\t\t\t<div class=\"elementor-widget-wrap elementor-element-populated\">\n\t\t\t\t\t\t<div class=\"elementor-element elementor-element-0356d8b sc_height_huge sc_fly_static elementor-widget elementor-widget-spacer\" data-id=\"0356d8b\" data-element_type=\"widget\" data-widget_type=\"spacer.default\">\n\t\t\t\t<div class=\"elementor-widget-container\">\n\t\t\t\t\t<div class=\"elementor-spacer\">\n\t\t\t<div class=\"elementor-spacer-inner\"><\/div>\n\t\t<\/div>\n\t\t\t\t<\/div>\n\t\t\t\t<\/div>\n\t\t\t\t<div class=\"elementor-element elementor-element-e0767f3 sc_style_default sc_fly_static elementor-widget elementor-widget-trx_sc_blogger\" data-id=\"e0767f3\" data-element_type=\"widget\" data-widget_type=\"trx_sc_blogger.default\">\n\t\t\t\t<div class=\"elementor-widget-container\">\n\t\t\t<div \t\tclass=\"sc_blogger sc_blogger_classic-masonry sc_blogger_classic-masonry_default sc_item_filters_tabs_top alignnone\" ><div class=\"sc_item_filters_wrap\"><div class=\"sc_item_filters sc_blogger_filters sc_blogger_tabs sc_blogger_tabs_ajax sc_item_filters_align_right sc_item_filters_no_title\" data-params=\"a:132:{s:3:&quot;cat&quot;;a:3:{i:0;s:3:&quot;221&quot;;i:1;s:3:&quot;222&quot;;i:2;s:3:&quot;223&quot;;}s:7:&quot;columns&quot;;i:4;s:18:&quot;columns_widescreen&quot;;s:0:&quot;&quot;;s:14:&quot;columns_laptop&quot;;s:0:&quot;&quot;;s:20:&quot;columns_tablet_extra&quot;;s:0:&quot;&quot;;s:14:&quot;columns_tablet&quot;;s:0:&quot;&quot;;s:20:&quot;columns_mobile_extra&quot;;s:0:&quot;&quot;;s:14:&quot;columns_mobile&quot;;s:0:&quot;&quot;;s:5:&quot;count&quot;;i:11;s:6:&quot;offset&quot;;i:0;s:7:&quot;orderby&quot;;s:4:&quot;none&quot;;s:5:&quot;order&quot;;s:3:&quot;asc&quot;;s:3:&quot;ids&quot;;s:0:&quot;&quot;;s:6:&quot;slider&quot;;b:0;s:13:&quot;slider_effect&quot;;s:5:&quot;slide&quot;;s:17:&quot;slider_pagination&quot;;s:4:&quot;none&quot;;s:22:&quot;slider_pagination_type&quot;;s:7:&quot;bullets&quot;;s:24:&quot;slider_pagination_thumbs&quot;;i:0;s:15:&quot;slider_controls&quot;;s:4:&quot;none&quot;;s:12:&quot;slides_space&quot;;i:0;s:15:&quot;slides_centered&quot;;s:0:&quot;&quot;;s:15:&quot;slides_overflow&quot;;s:0:&quot;&quot;;s:18:&quot;slider_mouse_wheel&quot;;s:0:&quot;&quot;;s:15:&quot;slider_autoplay&quot;;s:1:&quot;1&quot;;s:11:&quot;slider_loop&quot;;s:1:&quot;1&quot;;s:16:&quot;slider_free_mode&quot;;s:0:&quot;&quot;;s:5:&quot;title&quot;;s:0:&quot;&quot;;s:11:&quot;title_align&quot;;s:4:&quot;none&quot;;s:11:&quot;title_style&quot;;s:7:&quot;default&quot;;s:9:&quot;title_tag&quot;;s:4:&quot;none&quot;;s:11:&quot;title_color&quot;;s:0:&quot;&quot;;s:12:&quot;title_color2&quot;;s:0:&quot;&quot;;s:13:&quot;gradient_fill&quot;;s:5:&quot;block&quot;;s:18:&quot;gradient_direction&quot;;s:1:&quot;0&quot;;s:18:&quot;title_border_color&quot;;s:0:&quot;&quot;;s:18:&quot;title_border_width&quot;;a:3:{s:4:&quot;unit&quot;;s:2:&quot;px&quot;;s:4:&quot;size&quot;;i:0;s:5:&quot;sizes&quot;;a:0:{}}s:14:&quot;title_bg_image&quot;;a:3:{s:3:&quot;url&quot;;s:0:&quot;&quot;;s:2:&quot;id&quot;;s:0:&quot;&quot;;s:4:&quot;size&quot;;s:0:&quot;&quot;;}s:6:&quot;title2&quot;;s:0:&quot;&quot;;s:12:&quot;title2_color&quot;;s:0:&quot;&quot;;s:13:&quot;title2_color2&quot;;s:0:&quot;&quot;;s:14:&quot;gradient_fill2&quot;;s:5:&quot;block&quot;;s:19:&quot;gradient_direction2&quot;;s:1:&quot;0&quot;;s:19:&quot;title2_border_color&quot;;s:0:&quot;&quot;;s:19:&quot;title2_border_width&quot;;a:3:{s:4:&quot;unit&quot;;s:2:&quot;px&quot;;s:4:&quot;size&quot;;i:0;s:5:&quot;sizes&quot;;a:0:{}}s:15:&quot;title2_bg_image&quot;;a:3:{s:3:&quot;url&quot;;s:0:&quot;&quot;;s:2:&quot;id&quot;;s:0:&quot;&quot;;s:4:&quot;size&quot;;s:0:&quot;&quot;;}s:8:&quot;subtitle&quot;;s:0:&quot;&quot;;s:14:&quot;subtitle_align&quot;;s:4:&quot;none&quot;;s:17:&quot;subtitle_position&quot;;s:5:&quot;above&quot;;s:11:&quot;description&quot;;s:0:&quot;&quot;;s:4:&quot;link&quot;;s:0:&quot;&quot;;s:10:&quot;link_style&quot;;s:7:&quot;default&quot;;s:10:&quot;link_image&quot;;s:0:&quot;&quot;;s:9:&quot;link_text&quot;;s:0:&quot;&quot;;s:10:&quot;new_window&quot;;i:0;s:5:&quot;typed&quot;;s:0:&quot;&quot;;s:13:&quot;typed_strings&quot;;s:0:&quot;&quot;;s:10:&quot;typed_loop&quot;;s:1:&quot;1&quot;;s:12:&quot;typed_cursor&quot;;s:1:&quot;1&quot;;s:17:&quot;typed_cursor_char&quot;;s:1:&quot;_&quot;;s:11:&quot;typed_color&quot;;s:0:&quot;&quot;;s:11:&quot;typed_speed&quot;;s:1:&quot;6&quot;;s:11:&quot;typed_delay&quot;;s:1:&quot;1&quot;;s:2:&quot;id&quot;;s:0:&quot;&quot;;s:5:&quot;class&quot;;s:0:&quot;&quot;;s:9:&quot;className&quot;;s:0:&quot;&quot;;s:3:&quot;css&quot;;s:0:&quot;&quot;;s:4:&quot;type&quot;;s:15:&quot;classic-masonry&quot;;s:9:&quot;post_type&quot;;s:13:&quot;cpt_portfolio&quot;;s:8:&quot;taxonomy&quot;;s:19:&quot;cpt_portfolio_group&quot;;s:12:&quot;show_filters&quot;;s:1:&quot;1&quot;;s:13:&quot;filters_title&quot;;s:0:&quot;&quot;;s:16:&quot;filters_subtitle&quot;;s:0:&quot;&quot;;s:19:&quot;filters_title_align&quot;;s:5:&quot;right&quot;;s:21:&quot;filters_tabs_position&quot;;s:3:&quot;top&quot;;s:21:&quot;filters_tabs_on_hover&quot;;s:0:&quot;&quot;;s:16:&quot;filters_taxonomy&quot;;s:19:&quot;cpt_portfolio_group&quot;;s:14:&quot;filters_active&quot;;i:0;s:11:&quot;filters_ids&quot;;a:3:{i:0;s:3:&quot;221&quot;;i:1;s:3:&quot;222&quot;;i:2;s:3:&quot;223&quot;;}s:11:&quot;filters_all&quot;;s:1:&quot;1&quot;;s:16:&quot;filters_all_text&quot;;s:4:&quot;Tous&quot;;s:17:&quot;filters_more_text&quot;;s:10:&quot;More posts&quot;;s:10:&quot;meta_parts&quot;;a:1:{i:0;s:10:&quot;categories&quot;;}s:14:&quot;image_position&quot;;s:3:&quot;top&quot;;s:11:&quot;image_width&quot;;s:2:&quot;40&quot;;s:11:&quot;image_ratio&quot;;s:4:&quot;none&quot;;s:10:&quot;thumb_size&quot;;s:0:&quot;&quot;;s:5:&quot;hover&quot;;s:4:&quot;none&quot;;s:11:&quot;date_format&quot;;s:0:&quot;&quot;;s:8:&quot;on_plate&quot;;s:0:&quot;&quot;;s:12:&quot;hide_excerpt&quot;;s:1:&quot;1&quot;;s:14:&quot;excerpt_length&quot;;s:0:&quot;&quot;;s:10:&quot;text_align&quot;;s:4:&quot;none&quot;;s:9:&quot;no_margin&quot;;s:0:&quot;&quot;;s:8:&quot;no_links&quot;;s:0:&quot;&quot;;s:9:&quot;full_post&quot;;s:0:&quot;&quot;;s:14:&quot;video_in_popup&quot;;s:0:&quot;&quot;;s:7:&quot;numbers&quot;;s:0:&quot;&quot;;s:11:&quot;more_button&quot;;s:0:&quot;&quot;;s:9:&quot;more_text&quot;;s:0:&quot;&quot;;s:10:&quot;pagination&quot;;s:4:&quot;none&quot;;s:4:&quot;page&quot;;i:1;s:13:&quot;posts_exclude&quot;;s:0:&quot;&quot;;s:5:&quot;align&quot;;s:4:&quot;none&quot;;s:16:&quot;template_default&quot;;s:13:&quot;over_centered&quot;;s:13:&quot;template_list&quot;;s:6:&quot;simple&quot;;s:13:&quot;template_news&quot;;s:8:&quot;magazine&quot;;s:22:&quot;template_lay_portfolio&quot;;s:8:&quot;style_13&quot;;s:27:&quot;template_lay_portfolio_grid&quot;;s:12:&quot;grid_style_5&quot;;s:19:&quot;template_portmodern&quot;;s:10:&quot;image-over&quot;;s:19:&quot;template_portestate&quot;;s:7:&quot;default&quot;;s:16:&quot;template_excerpt&quot;;s:0:&quot;&quot;;s:13:&quot;template_band&quot;;s:0:&quot;&quot;;s:16:&quot;template_classic&quot;;s:0:&quot;&quot;;s:24:&quot;template_classic-masonry&quot;;s:7:&quot;default&quot;;s:18:&quot;template_portfolio&quot;;s:0:&quot;&quot;;s:26:&quot;template_portfolio-masonry&quot;;s:0:&quot;&quot;;s:11:&quot;count_extra&quot;;a:3:{s:4:&quot;unit&quot;;s:2:&quot;px&quot;;s:4:&quot;size&quot;;i:11;s:5:&quot;sizes&quot;;a:0:{}}s:13:&quot;columns_extra&quot;;a:3:{s:4:&quot;unit&quot;;s:2:&quot;px&quot;;s:4:&quot;size&quot;;i:4;s:5:&quot;sizes&quot;;a:0:{}}s:12:&quot;offset_extra&quot;;a:3:{s:4:&quot;unit&quot;;s:2:&quot;px&quot;;s:4:&quot;size&quot;;i:0;s:5:&quot;sizes&quot;;a:0:{}}s:17:&quot;image_width_extra&quot;;a:3:{s:4:&quot;unit&quot;;s:2:&quot;px&quot;;s:4:&quot;size&quot;;i:40;s:5:&quot;sizes&quot;;a:0:{}}s:18:&quot;slides_space_extra&quot;;a:3:{s:4:&quot;unit&quot;;s:2:&quot;px&quot;;s:4:&quot;size&quot;;i:0;s:5:&quot;sizes&quot;;a:0:{}}s:24:&quot;gradient_direction_extra&quot;;a:3:{s:4:&quot;unit&quot;;s:2:&quot;px&quot;;s:4:&quot;size&quot;;i:0;s:5:&quot;sizes&quot;;a:0:{}}s:17:&quot;typed_speed_extra&quot;;a:3:{s:4:&quot;unit&quot;;s:2:&quot;px&quot;;s:4:&quot;size&quot;;i:6;s:5:&quot;sizes&quot;;a:0:{}}s:17:&quot;typed_delay_extra&quot;;a:3:{s:4:&quot;unit&quot;;s:2:&quot;px&quot;;s:4:&quot;size&quot;;i:1;s:5:&quot;sizes&quot;;a:0:{}}s:25:&quot;gradient_direction2_extra&quot;;a:3:{s:4:&quot;unit&quot;;s:2:&quot;px&quot;;s:4:&quot;size&quot;;i:0;s:5:&quot;sizes&quot;;a:0:{}}s:10:&quot;link_extra&quot;;a:4:{s:3:&quot;url&quot;;s:0:&quot;&quot;;s:11:&quot;is_external&quot;;s:0:&quot;&quot;;s:8:&quot;nofollow&quot;;s:0:&quot;&quot;;s:17:&quot;custom_attributes&quot;;s:0:&quot;&quot;;}s:16:&quot;link_image_extra&quot;;a:3:{s:3:&quot;url&quot;;s:0:&quot;&quot;;s:2:&quot;id&quot;;s:0:&quot;&quot;;s:4:&quot;size&quot;;s:0:&quot;&quot;;}s:6:&quot;scheme&quot;;s:0:&quot;&quot;;s:11:&quot;color_style&quot;;s:7:&quot;default&quot;;s:22:&quot;mouse_helper_highlight&quot;;s:0:&quot;&quot;;s:15:&quot;posts_container&quot;;s:77:&quot;posts_container classic-masonry_wrap classic-masonry_4 masonry_wrap masonry_4&quot;;s:2:&quot;sc&quot;;s:10:&quot;sc_blogger&quot;;}\">\t\t\t<ul class=\"sc_item_filters_tabs\"><li class=\"sc_item_filters_tabs_active\"><a href=\"#blogger_filters_all_content\"\n\t\t\t\t\t\t\tclass=\"sc_item_filters_all active\"\n\t\t\t\t\t\t\tdata-tab=\"all\"\n\t\t\t\t\t\t\tdata-page=\"1\">\u0627\u0644\u0643\u0644<\/a><\/li><li><a href=\"#blogger_filters_221_content\"\n\t\t\t\t\t\t\t\t\t\t\t\t\t\tdata-tab=\"221\"\n\t\t\t\t\t\t\tdata-page=\"1\">\u0646\u062f\u0648\u0627\u062a<\/a><\/li><li><a href=\"#blogger_filters_222_content\"\n\t\t\t\t\t\t\t\t\t\t\t\t\t\tdata-tab=\"222\"\n\t\t\t\t\t\t\tdata-page=\"1\">\u0623\u062d\u062f\u0627\u062b<\/a><\/li><li><a href=\"#blogger_filters_223_content\"\n\t\t\t\t\t\t\t\t\t\t\t\t\t\tdata-tab=\"223\"\n\t\t\t\t\t\t\tdata-page=\"1\">\u0644\u0642\u0627\u0621\u0627\u062a<\/a><\/li>\t\t\t<\/ul>\t<\/div><div class=\"sc_blogger_content sc_item_content sc_item_posts_container posts_container classic-masonry_wrap classic-masonry_4 masonry_wrap masonry_4\" ><\/div><\/div><\/div>\t\t<\/div>\n\t\t\t\t<\/div>\n\t\t\t\t<div class=\"elementor-element elementor-element-41fe6d4 sc_height_huge sc_fly_static elementor-widget elementor-widget-spacer\" data-id=\"41fe6d4\" data-element_type=\"widget\" data-widget_type=\"spacer.default\">\n\t\t\t\t<div class=\"elementor-widget-container\">\n\t\t\t\t\t<div class=\"elementor-spacer\">\n\t\t\t<div class=\"elementor-spacer-inner\"><\/div>\n\t\t<\/div>\n\t\t\t\t<\/div>\n\t\t\t\t<\/div>\n\t\t\t\t\t<\/div>\n\t\t<\/div>\n\t\t\t\t\t<\/div>\n\t\t<\/section>\n\t\t\t\t<\/div>","protected":false},"excerpt":{"rendered":"<p>Tous Conf\u00e9rence \u00c9v\u00e9nement Rencontre<\/p>","protected":false},"author":1,"featured_media":0,"parent":0,"menu_order":0,"comment_status":"closed","ping_status":"closed","template":"","meta":{"_acf_changed":false,"footnotes":""},"class_list":["post-23907","page","type-page","status-publish","hentry"],"acf":[],"yoast_head":"<!-- This site is optimized with the Yoast SEO plugin v22.8 - https:\/\/yoast.com\/wordpress\/plugins\/seo\/ -->\n<title>Podcast - L&#039;Observatoire Marocain de la TPME - OMTPME<\/title>\n<meta name=\"robots\" content=\"index, follow, max-snippet:-1, max-image-preview:large, max-video-preview:-1\" \/>\n<link rel=\"canonical\" href=\"https:\/\/omtpme.ma\/ar\/podcast\/\" \/>\n<meta property=\"og:locale\" content=\"ar_AR\" \/>\n<meta property=\"og:type\" content=\"article\" \/>\n<meta property=\"og:title\" content=\"Podcast - L&#039;Observatoire Marocain de la TPME - OMTPME\" \/>\n<meta property=\"og:description\" content=\"Tous Conf\u00e9rence \u00c9v\u00e9nement Rencontre\" \/>\n<meta property=\"og:url\" content=\"https:\/\/omtpme.ma\/ar\/podcast\/\" \/>\n<meta property=\"og:site_name\" content=\"L&#039;Observatoire Marocain de la TPME - OMTPME\" \/>\n<meta property=\"article:publisher\" content=\"https:\/\/www.facebook.com\/ObservatoireMarocaindelaTPME\/\" \/>\n<meta property=\"article:modified_time\" content=\"2023-04-14T11:48:22+00:00\" \/>\n<meta name=\"twitter:card\" content=\"summary_large_image\" \/>\n<meta name=\"twitter:site\" content=\"@OMTPME\" \/>\n<script type=\"application\/ld+json\" class=\"yoast-schema-graph\">{\"@context\":\"https:\/\/schema.org\",\"@graph\":[{\"@type\":\"WebPage\",\"@id\":\"https:\/\/omtpme.ma\/podcast\/\",\"url\":\"https:\/\/omtpme.ma\/podcast\/\",\"name\":\"Podcast - L&#039;Observatoire Marocain de la TPME - OMTPME\",\"isPartOf\":{\"@id\":\"https:\/\/omtpme.ma\/#website\"},\"datePublished\":\"2023-04-14T11:42:13+00:00\",\"dateModified\":\"2023-04-14T11:48:22+00:00\",\"breadcrumb\":{\"@id\":\"https:\/\/omtpme.ma\/podcast\/#breadcrumb\"},\"inLanguage\":\"ar\",\"potentialAction\":[{\"@type\":\"ReadAction\",\"target\":[\"https:\/\/omtpme.ma\/podcast\/\"]}]},{\"@type\":\"BreadcrumbList\",\"@id\":\"https:\/\/omtpme.ma\/podcast\/#breadcrumb\",\"itemListElement\":[{\"@type\":\"ListItem\",\"position\":1,\"name\":\"Accueil\",\"item\":\"https:\/\/omtpme.ma\/\"},{\"@type\":\"ListItem\",\"position\":2,\"name\":\"Podcast\"}]},{\"@type\":\"WebSite\",\"@id\":\"https:\/\/omtpme.ma\/#website\",\"url\":\"https:\/\/omtpme.ma\/\",\"name\":\"L&#039;Observatoire Marocain de la TPME - OMTPME\",\"description\":\"L&#039;Observatoire Marocain de la TPME - OMTPME\",\"publisher\":{\"@id\":\"https:\/\/omtpme.ma\/#organization\"},\"potentialAction\":[{\"@type\":\"SearchAction\",\"target\":{\"@type\":\"EntryPoint\",\"urlTemplate\":\"https:\/\/omtpme.ma\/?s={search_term_string}\"},\"query-input\":\"required name=search_term_string\"}],\"inLanguage\":\"ar\"},{\"@type\":\"Organization\",\"@id\":\"https:\/\/omtpme.ma\/#organization\",\"name\":\"L&#039;Observatoire Marocain de la TPME - OMTPME\",\"url\":\"https:\/\/omtpme.ma\/\",\"logo\":{\"@type\":\"ImageObject\",\"inLanguage\":\"ar\",\"@id\":\"https:\/\/omtpme.ma\/#\/schema\/logo\/image\/\",\"url\":\"https:\/\/omtpme.ma\/wp-content\/uploads\/2022\/01\/cropped-logo_omtpme-13.png\",\"contentUrl\":\"https:\/\/omtpme.ma\/wp-content\/uploads\/2022\/01\/cropped-logo_omtpme-13.png\",\"width\":240,\"height\":57,\"caption\":\"L&#039;Observatoire Marocain de la TPME - OMTPME\"},\"image\":{\"@id\":\"https:\/\/omtpme.ma\/#\/schema\/logo\/image\/\"},\"sameAs\":[\"https:\/\/www.facebook.com\/ObservatoireMarocaindelaTPME\/\",\"https:\/\/x.com\/OMTPME\",\"https:\/\/www.linkedin.com\/company\/observatoire-marocain-de-la-tpme\/?originalSubdomain=ma\",\"https:\/\/www.instagram.com\/OMTPME\",\"https:\/\/www.youtube.com\/@OMTPME\"]}]}<\/script>\n<!-- \/ Yoast SEO plugin. -->","yoast_head_json":{"title":"Podcast - L&#039;Observatoire Marocain de la TPME - OMTPME","robots":{"index":"index","follow":"follow","max-snippet":"max-snippet:-1","max-image-preview":"max-image-preview:large","max-video-preview":"max-video-preview:-1"},"canonical":"https:\/\/omtpme.ma\/ar\/podcast\/","og_locale":"ar_AR","og_type":"article","og_title":"Podcast - L&#039;Observatoire Marocain de la TPME - OMTPME","og_description":"Tous Conf\u00e9rence \u00c9v\u00e9nement Rencontre","og_url":"https:\/\/omtpme.ma\/ar\/podcast\/","og_site_name":"L&#039;Observatoire Marocain de la TPME - OMTPME","article_publisher":"https:\/\/www.facebook.com\/ObservatoireMarocaindelaTPME\/","article_modified_time":"2023-04-14T11:48:22+00:00","twitter_card":"summary_large_image","twitter_site":"@OMTPME","schema":{"@context":"https:\/\/schema.org","@graph":[{"@type":"WebPage","@id":"https:\/\/omtpme.ma\/podcast\/","url":"https:\/\/omtpme.ma\/podcast\/","name":"Podcast - L&#039;Observatoire Marocain de la TPME - OMTPME","isPartOf":{"@id":"https:\/\/omtpme.ma\/#website"},"datePublished":"2023-04-14T11:42:13+00:00","dateModified":"2023-04-14T11:48:22+00:00","breadcrumb":{"@id":"https:\/\/omtpme.ma\/podcast\/#breadcrumb"},"inLanguage":"ar","potentialAction":[{"@type":"ReadAction","target":["https:\/\/omtpme.ma\/podcast\/"]}]},{"@type":"BreadcrumbList","@id":"https:\/\/omtpme.ma\/podcast\/#breadcrumb","itemListElement":[{"@type":"ListItem","position":1,"name":"Accueil","item":"https:\/\/omtpme.ma\/"},{"@type":"ListItem","position":2,"name":"Podcast"}]},{"@type":"WebSite","@id":"https:\/\/omtpme.ma\/#website","url":"https:\/\/omtpme.ma\/","name":"L&#039;Observatoire Marocain de la TPME - OMTPME","description":"L&#039;Observatoire Marocain de la TPME - OMTPME","publisher":{"@id":"https:\/\/omtpme.ma\/#organization"},"potentialAction":[{"@type":"SearchAction","target":{"@type":"EntryPoint","urlTemplate":"https:\/\/omtpme.ma\/?s={search_term_string}"},"query-input":"required name=search_term_string"}],"inLanguage":"ar"},{"@type":"Organization","@id":"https:\/\/omtpme.ma\/#organization","name":"L&#039;Observatoire Marocain de la TPME - OMTPME","url":"https:\/\/omtpme.ma\/","logo":{"@type":"ImageObject","inLanguage":"ar","@id":"https:\/\/omtpme.ma\/#\/schema\/logo\/image\/","url":"https:\/\/omtpme.ma\/wp-content\/uploads\/2022\/01\/cropped-logo_omtpme-13.png","contentUrl":"https:\/\/omtpme.ma\/wp-content\/uploads\/2022\/01\/cropped-logo_omtpme-13.png","width":240,"height":57,"caption":"L&#039;Observatoire Marocain de la TPME - OMTPME"},"image":{"@id":"https:\/\/omtpme.ma\/#\/schema\/logo\/image\/"},"sameAs":["https:\/\/www.facebook.com\/ObservatoireMarocaindelaTPME\/","https:\/\/x.com\/OMTPME","https:\/\/www.linkedin.com\/company\/observatoire-marocain-de-la-tpme\/?originalSubdomain=ma","https:\/\/www.instagram.com\/OMTPME","https:\/\/www.youtube.com\/@OMTPME"]}]}},"_links":{"self":[{"href":"https:\/\/omtpme.ma\/ar\/wp-json\/wp\/v2\/pages\/23907","targetHints":{"allow":["GET"]}}],"collection":[{"href":"https:\/\/omtpme.ma\/ar\/wp-json\/wp\/v2\/pages"}],"about":[{"href":"https:\/\/omtpme.ma\/ar\/wp-json\/wp\/v2\/types\/page"}],"author":[{"embeddable":true,"href":"https:\/\/omtpme.ma\/ar\/wp-json\/wp\/v2\/users\/1"}],"replies":[{"embeddable":true,"href":"https:\/\/omtpme.ma\/ar\/wp-json\/wp\/v2\/comments?post=23907"}],"version-history":[{"count":0,"href":"https:\/\/omtpme.ma\/ar\/wp-json\/wp\/v2\/pages\/23907\/revisions"}],"wp:attachment":[{"href":"https:\/\/omtpme.ma\/ar\/wp-json\/wp\/v2\/media?parent=23907"}],"curies":[{"name":"wp","href":"https:\/\/api.w.org\/{rel}","templated":true}]}}