{"id":22229,"date":"2023-03-15T17:18:51","date_gmt":"2023-03-15T16:18:51","guid":{"rendered":"https:\/\/omtpme.ma\/?page_id=22229"},"modified":"2023-09-21T14:09:23","modified_gmt":"2023-09-21T12:09:23","slug":"mentions-legales","status":"publish","type":"page","link":"https:\/\/omtpme.ma\/en\/mentions-legales\/","title":{"rendered":"Legal Notice"},"content":{"rendered":"<h2 class=\"wp-block-heading\">Presentation of the website<\/h2>\n\n\n\n<p>This website&nbsp;<a href=\"https:\/\/omtpme.ma\/en\/\">www.omtpme.ma<\/a>&nbsp;is the property of L'Observatoire Marocain de la TPME, whose headquarters is located in Casablanca, 115, Boulevard de Paris.<\/p>\n\n\n\n<p>The main objective of this site is to facilitate public access to information, through a series of key indicators of demographics and the economic and financial health of businesses, in particular SMEs which constitute an important component of the Moroccan economy.<\/p>\n\n\n\n<h2 class=\"wp-block-heading\">Terms of use<\/h2>\n\n\n\n<p>The use of this website&nbsp;<a href=\"https:\/\/omtpme.ma\/en\/\">www.omtpme.ma<\/a>&nbsp;is subject to the following conditions:&nbsp;&nbsp;<\/p>\n\n\n\n<ul class=\"wp-block-list\">\n<li>Users are asked to ensure the real address of the website of the official portal of the Moroccan SME's Observatory :&nbsp;&nbsp;<a href=\"https:\/\/omtpme.ma\/en\/\">www.omtpme.ma<\/a>&nbsp;. The Moroccan SME's Observatory declines all responsibility for other websites which may be put online in its name and whose address is other than the aforementioned address.<\/li>\n\n\n\n<li>The documents provided on this site are offered for information and opening purposes only and constitute general information concerning the areas of mission of the Moroccan Observatory of TPME<\/li>\n\n\n\n<li>The copyright on this website and all documents contained therein belong to L'OMTPME. This website may not be reproduced, in whole or in part, without the express prior written consent of OMTPME. To obtain this consent, please send your requests to the official address of the observatory below<\/li>\n<\/ul>\n\n\n\n<h2 class=\"wp-block-heading\">Access to information<\/h2>\n\n\n\n<p>The information, reports, press releases, statistics, and institutional publications of the OMTPME are provided by this site, in recognition of the right of access to information set out by the Constitution of the Kingdom of Morocco.<\/p>\n\n\n\n<h2 class=\"wp-block-heading\">Cookies<\/h2>\n\n\n\n<p>This website does not use cookies that use personal data.<\/p>\n\n\n\n<p>If the Moroccan SME's Observatory subsequently decides to do so, it will be on the basis of the Internet user's consent before depositing these cookies. Likewise, the purpose of the use of cookies and an explanation will be provided to the Internet user on the means to oppose it.<\/p>\n\n\n\n<p class=\"has-text-align-center\">The Moroccan SME's Observatory<\/p>\n\n\n\n<p class=\"has-text-align-center\">Bank Al-Maghrib, 115, Boulevard de Paris, Casablanca<\/p>\n\n\n\n<p class=\"has-text-align-center\">Morocco, 20000<\/p>","protected":false},"excerpt":{"rendered":"<p>Pr\u00e9sentation du site Le pr\u00e9sent site&nbsp;www.omtpme.ma&nbsp;est la propri\u00e9t\u00e9 de L\u2019Observatoire Marocain de la TPME, dont le si\u00e8ge est situ\u00e9 \u00e0 Casablanca, 115, Boulevard de Paris. Ce site a pour objectif&hellip;<\/p>","protected":false},"author":1,"featured_media":0,"parent":0,"menu_order":0,"comment_status":"closed","ping_status":"closed","template":"","meta":{"_acf_changed":false,"footnotes":""},"class_list":["post-22229","page","type-page","status-publish","hentry"],"acf":[],"yoast_head":"<!-- This site is optimized with the Yoast SEO plugin v22.8 - https:\/\/yoast.com\/wordpress\/plugins\/seo\/ -->\n<title>Mentions l\u00e9gales - L&#039;Observatoire Marocain de la TPME - OMTPME<\/title>\n<meta name=\"robots\" content=\"index, follow, max-snippet:-1, max-image-preview:large, max-video-preview:-1\" \/>\n<link rel=\"canonical\" href=\"https:\/\/omtpme.ma\/en\/mentions-legales\/\" \/>\n<meta property=\"og:locale\" content=\"en_GB\" \/>\n<meta property=\"og:type\" content=\"article\" \/>\n<meta property=\"og:title\" content=\"Mentions l\u00e9gales - L&#039;Observatoire Marocain de la TPME - OMTPME\" \/>\n<meta property=\"og:description\" content=\"Pr\u00e9sentation du site Le pr\u00e9sent site&nbsp;www.omtpme.ma&nbsp;est la propri\u00e9t\u00e9 de L\u2019Observatoire Marocain de la TPME, dont le si\u00e8ge est situ\u00e9 \u00e0 Casablanca, 115, Boulevard de Paris. Ce site a pour objectif&hellip;\" \/>\n<meta property=\"og:url\" content=\"https:\/\/omtpme.ma\/en\/mentions-legales\/\" \/>\n<meta property=\"og:site_name\" content=\"L&#039;Observatoire Marocain de la TPME - OMTPME\" \/>\n<meta property=\"article:publisher\" content=\"https:\/\/www.facebook.com\/ObservatoireMarocaindelaTPME\/\" \/>\n<meta property=\"article:modified_time\" content=\"2023-09-21T12:09:23+00:00\" \/>\n<meta name=\"twitter:card\" content=\"summary_large_image\" \/>\n<meta name=\"twitter:site\" content=\"@OMTPME\" \/>\n<meta name=\"twitter:label1\" content=\"Estimated reading time\" \/>\n\t<meta name=\"twitter:data1\" content=\"2 minutes\" \/>\n<script type=\"application\/ld+json\" class=\"yoast-schema-graph\">{\"@context\":\"https:\/\/schema.org\",\"@graph\":[{\"@type\":\"WebPage\",\"@id\":\"https:\/\/omtpme.ma\/mentions-legales\/\",\"url\":\"https:\/\/omtpme.ma\/mentions-legales\/\",\"name\":\"Mentions l\u00e9gales - L&#039;Observatoire Marocain de la TPME - OMTPME\",\"isPartOf\":{\"@id\":\"https:\/\/omtpme.ma\/#website\"},\"datePublished\":\"2023-03-15T16:18:51+00:00\",\"dateModified\":\"2023-09-21T12:09:23+00:00\",\"breadcrumb\":{\"@id\":\"https:\/\/omtpme.ma\/mentions-legales\/#breadcrumb\"},\"inLanguage\":\"en-GB\",\"potentialAction\":[{\"@type\":\"ReadAction\",\"target\":[\"https:\/\/omtpme.ma\/mentions-legales\/\"]}]},{\"@type\":\"BreadcrumbList\",\"@id\":\"https:\/\/omtpme.ma\/mentions-legales\/#breadcrumb\",\"itemListElement\":[{\"@type\":\"ListItem\",\"position\":1,\"name\":\"Accueil\",\"item\":\"https:\/\/omtpme.ma\/\"},{\"@type\":\"ListItem\",\"position\":2,\"name\":\"Mentions l\u00e9gales\"}]},{\"@type\":\"WebSite\",\"@id\":\"https:\/\/omtpme.ma\/#website\",\"url\":\"https:\/\/omtpme.ma\/\",\"name\":\"L&#039;Observatoire Marocain de la TPME - OMTPME\",\"description\":\"L&#039;Observatoire Marocain de la TPME - OMTPME\",\"publisher\":{\"@id\":\"https:\/\/omtpme.ma\/#organization\"},\"potentialAction\":[{\"@type\":\"SearchAction\",\"target\":{\"@type\":\"EntryPoint\",\"urlTemplate\":\"https:\/\/omtpme.ma\/?s={search_term_string}\"},\"query-input\":\"required name=search_term_string\"}],\"inLanguage\":\"en-GB\"},{\"@type\":\"Organization\",\"@id\":\"https:\/\/omtpme.ma\/#organization\",\"name\":\"L&#039;Observatoire Marocain de la TPME - OMTPME\",\"url\":\"https:\/\/omtpme.ma\/\",\"logo\":{\"@type\":\"ImageObject\",\"inLanguage\":\"en-GB\",\"@id\":\"https:\/\/omtpme.ma\/#\/schema\/logo\/image\/\",\"url\":\"https:\/\/omtpme.ma\/wp-content\/uploads\/2022\/01\/cropped-logo_omtpme-13.png\",\"contentUrl\":\"https:\/\/omtpme.ma\/wp-content\/uploads\/2022\/01\/cropped-logo_omtpme-13.png\",\"width\":240,\"height\":57,\"caption\":\"L&#039;Observatoire Marocain de la TPME - OMTPME\"},\"image\":{\"@id\":\"https:\/\/omtpme.ma\/#\/schema\/logo\/image\/\"},\"sameAs\":[\"https:\/\/www.facebook.com\/ObservatoireMarocaindelaTPME\/\",\"https:\/\/x.com\/OMTPME\",\"https:\/\/www.linkedin.com\/company\/observatoire-marocain-de-la-tpme\/?originalSubdomain=ma\",\"https:\/\/www.instagram.com\/OMTPME\",\"https:\/\/www.youtube.com\/@OMTPME\"]}]}<\/script>\n<!-- \/ Yoast SEO plugin. -->","yoast_head_json":{"title":"Mentions l\u00e9gales - L&#039;Observatoire Marocain de la TPME - OMTPME","robots":{"index":"index","follow":"follow","max-snippet":"max-snippet:-1","max-image-preview":"max-image-preview:large","max-video-preview":"max-video-preview:-1"},"canonical":"https:\/\/omtpme.ma\/en\/mentions-legales\/","og_locale":"en_GB","og_type":"article","og_title":"Mentions l\u00e9gales - L&#039;Observatoire Marocain de la TPME - OMTPME","og_description":"Pr\u00e9sentation du site Le pr\u00e9sent site&nbsp;www.omtpme.ma&nbsp;est la propri\u00e9t\u00e9 de L\u2019Observatoire Marocain de la TPME, dont le si\u00e8ge est situ\u00e9 \u00e0 Casablanca, 115, Boulevard de Paris. Ce site a pour objectif&hellip;","og_url":"https:\/\/omtpme.ma\/en\/mentions-legales\/","og_site_name":"L&#039;Observatoire Marocain de la TPME - OMTPME","article_publisher":"https:\/\/www.facebook.com\/ObservatoireMarocaindelaTPME\/","article_modified_time":"2023-09-21T12:09:23+00:00","twitter_card":"summary_large_image","twitter_site":"@OMTPME","twitter_misc":{"Estimated reading time":"2 minutes"},"schema":{"@context":"https:\/\/schema.org","@graph":[{"@type":"WebPage","@id":"https:\/\/omtpme.ma\/mentions-legales\/","url":"https:\/\/omtpme.ma\/mentions-legales\/","name":"Mentions l\u00e9gales - L&#039;Observatoire Marocain de la TPME - OMTPME","isPartOf":{"@id":"https:\/\/omtpme.ma\/#website"},"datePublished":"2023-03-15T16:18:51+00:00","dateModified":"2023-09-21T12:09:23+00:00","breadcrumb":{"@id":"https:\/\/omtpme.ma\/mentions-legales\/#breadcrumb"},"inLanguage":"en-GB","potentialAction":[{"@type":"ReadAction","target":["https:\/\/omtpme.ma\/mentions-legales\/"]}]},{"@type":"BreadcrumbList","@id":"https:\/\/omtpme.ma\/mentions-legales\/#breadcrumb","itemListElement":[{"@type":"ListItem","position":1,"name":"Accueil","item":"https:\/\/omtpme.ma\/"},{"@type":"ListItem","position":2,"name":"Mentions l\u00e9gales"}]},{"@type":"WebSite","@id":"https:\/\/omtpme.ma\/#website","url":"https:\/\/omtpme.ma\/","name":"L&#039;Observatoire Marocain de la TPME - OMTPME","description":"L&#039;Observatoire Marocain de la TPME - OMTPME","publisher":{"@id":"https:\/\/omtpme.ma\/#organization"},"potentialAction":[{"@type":"SearchAction","target":{"@type":"EntryPoint","urlTemplate":"https:\/\/omtpme.ma\/?s={search_term_string}"},"query-input":"required name=search_term_string"}],"inLanguage":"en-GB"},{"@type":"Organization","@id":"https:\/\/omtpme.ma\/#organization","name":"L&#039;Observatoire Marocain de la TPME - OMTPME","url":"https:\/\/omtpme.ma\/","logo":{"@type":"ImageObject","inLanguage":"en-GB","@id":"https:\/\/omtpme.ma\/#\/schema\/logo\/image\/","url":"https:\/\/omtpme.ma\/wp-content\/uploads\/2022\/01\/cropped-logo_omtpme-13.png","contentUrl":"https:\/\/omtpme.ma\/wp-content\/uploads\/2022\/01\/cropped-logo_omtpme-13.png","width":240,"height":57,"caption":"L&#039;Observatoire Marocain de la TPME - OMTPME"},"image":{"@id":"https:\/\/omtpme.ma\/#\/schema\/logo\/image\/"},"sameAs":["https:\/\/www.facebook.com\/ObservatoireMarocaindelaTPME\/","https:\/\/x.com\/OMTPME","https:\/\/www.linkedin.com\/company\/observatoire-marocain-de-la-tpme\/?originalSubdomain=ma","https:\/\/www.instagram.com\/OMTPME","https:\/\/www.youtube.com\/@OMTPME"]}]}},"_links":{"self":[{"href":"https:\/\/omtpme.ma\/en\/wp-json\/wp\/v2\/pages\/22229","targetHints":{"allow":["GET"]}}],"collection":[{"href":"https:\/\/omtpme.ma\/en\/wp-json\/wp\/v2\/pages"}],"about":[{"href":"https:\/\/omtpme.ma\/en\/wp-json\/wp\/v2\/types\/page"}],"author":[{"embeddable":true,"href":"https:\/\/omtpme.ma\/en\/wp-json\/wp\/v2\/users\/1"}],"replies":[{"embeddable":true,"href":"https:\/\/omtpme.ma\/en\/wp-json\/wp\/v2\/comments?post=22229"}],"version-history":[{"count":0,"href":"https:\/\/omtpme.ma\/en\/wp-json\/wp\/v2\/pages\/22229\/revisions"}],"wp:attachment":[{"href":"https:\/\/omtpme.ma\/en\/wp-json\/wp\/v2\/media?parent=22229"}],"curies":[{"name":"wp","href":"https:\/\/api.w.org\/{rel}","templated":true}]}}