{"id":24574,"date":"2023-06-05T12:37:23","date_gmt":"2023-06-05T10:37:23","guid":{"rendered":"https:\/\/omtpme.ma\/?page_id=24574"},"modified":"2024-06-27T16:35:59","modified_gmt":"2024-06-27T14:35:59","slug":"mot-du-president","status":"publish","type":"page","link":"https:\/\/omtpme.ma\/en\/mot-du-president\/","title":{"rendered":"A word from the President"},"content":{"rendered":"<div data-elementor-type=\"wp-page\" data-elementor-id=\"24574\" class=\"elementor elementor-24574\">\n\t\t\t\t<div class=\"elementor-element elementor-element-72925c8 e-con-full e-flex e-con e-parent\" data-id=\"72925c8\" data-element_type=\"container\" data-settings=\"{&quot;background_background&quot;:&quot;classic&quot;}\">\n\t\t<div class=\"elementor-element elementor-element-4735db3 e-con-full e-flex e-con e-child\" data-id=\"4735db3\" data-element_type=\"container\" data-settings=\"{&quot;background_background&quot;:&quot;classic&quot;}\">\n\t\t\t\t<div class=\"elementor-element elementor-element-b4fa51c sc_fly_static elementor-widget elementor-widget-heading\" data-id=\"b4fa51c\" data-element_type=\"widget\" data-widget_type=\"heading.default\">\n\t\t\t\t<div class=\"elementor-widget-container\">\n\t\t\t<h2 class=\"elementor-heading-title elementor-size-default\">A word from the President<\/h2>\t\t<\/div>\n\t\t\t\t<\/div>\n\t\t\t\t<div class=\"elementor-element elementor-element-2766328 elementor-view-default sc_fly_static elementor-widget elementor-widget-icon\" data-id=\"2766328\" data-element_type=\"widget\" data-widget_type=\"icon.default\">\n\t\t\t\t<div class=\"elementor-widget-container\">\n\t\t\t\t\t<div class=\"elementor-icon-wrapper\">\n\t\t\t<div class=\"elementor-icon\">\n\t\t\t<i aria-hidden=\"true\" class=\"fas fa-chevron-down\"><\/i>\t\t\t<\/div>\n\t\t<\/div>\n\t\t\t\t<\/div>\n\t\t\t\t<\/div>\n\t\t\t\t<\/div>\n\t\t<div class=\"elementor-element elementor-element-fc8c28f e-flex e-con-boxed e-con e-child\" data-id=\"fc8c28f\" data-element_type=\"container\" data-settings=\"{&quot;background_background&quot;:&quot;classic&quot;}\">\n\t\t\t\t\t<div class=\"e-con-inner\">\n\t\t<div class=\"elementor-element elementor-element-d9aeb63 e-con-full e-flex e-con e-child\" data-id=\"d9aeb63\" data-element_type=\"container\" data-settings=\"{&quot;background_background&quot;:&quot;classic&quot;}\">\n\t\t\t\t<div class=\"elementor-element elementor-element-18052c6 sc_fly_static elementor-widget elementor-widget-image\" data-id=\"18052c6\" data-element_type=\"widget\" data-widget_type=\"image.default\">\n\t\t\t\t<div class=\"elementor-widget-container\">\n\t\t\t\t\t\t\t\t\t\t\t\t\t<img fetchpriority=\"high\" decoding=\"async\" width=\"1509\" height=\"790\" src=\"https:\/\/omtpme.ma\/wp-content\/uploads\/2023\/06\/image-20.png\" class=\"attachment-full size-full wp-image-24585\" alt=\"\" srcset=\"https:\/\/omtpme.ma\/wp-content\/uploads\/2023\/06\/image-20.png 1509w, https:\/\/omtpme.ma\/wp-content\/uploads\/2023\/06\/image-20-300x157.png 300w, https:\/\/omtpme.ma\/wp-content\/uploads\/2023\/06\/image-20-1024x536.png 1024w, https:\/\/omtpme.ma\/wp-content\/uploads\/2023\/06\/image-20-768x402.png 768w, https:\/\/omtpme.ma\/wp-content\/uploads\/2023\/06\/image-20-18x9.png 18w, https:\/\/omtpme.ma\/wp-content\/uploads\/2023\/06\/image-20-370x194.png 370w, https:\/\/omtpme.ma\/wp-content\/uploads\/2023\/06\/image-20-840x440.png 840w, https:\/\/omtpme.ma\/wp-content\/uploads\/2023\/06\/image-20-410x215.png 410w\" sizes=\"(max-width: 1509px) 100vw, 1509px\" \/>\t\t\t\t\t\t\t\t\t\t\t\t\t<\/div>\n\t\t\t\t<\/div>\n\t\t\t\t<div class=\"elementor-element elementor-element-33a761e sc_fly_static elementor-widget elementor-widget-spacer\" data-id=\"33a761e\" data-element_type=\"widget\" data-widget_type=\"spacer.default\">\n\t\t\t\t<div class=\"elementor-widget-container\">\n\t\t\t\t\t<div class=\"elementor-spacer\">\n\t\t\t<div class=\"elementor-spacer-inner\"><\/div>\n\t\t<\/div>\n\t\t\t\t<\/div>\n\t\t\t\t<\/div>\n\t\t\t\t<div class=\"elementor-element elementor-element-1c7a766 elementor-widget__width-inherit sc_fly_static elementor-widget elementor-widget-heading\" data-id=\"1c7a766\" data-element_type=\"widget\" data-widget_type=\"heading.default\">\n\t\t\t\t<div class=\"elementor-widget-container\">\n\t\t\t<h2 class=\"elementor-heading-title elementor-size-default\">M. Abdellatif JOUHARI, Pr\u00e9sident de l'OMTPME<\/h2>\t\t<\/div>\n\t\t\t\t<\/div>\n\t\t\t\t<div class=\"elementor-element elementor-element-909f237 sc_fly_static elementor-widget elementor-widget-spacer\" data-id=\"909f237\" data-element_type=\"widget\" data-widget_type=\"spacer.default\">\n\t\t\t\t<div class=\"elementor-widget-container\">\n\t\t\t\t\t<div class=\"elementor-spacer\">\n\t\t\t<div class=\"elementor-spacer-inner\"><\/div>\n\t\t<\/div>\n\t\t\t\t<\/div>\n\t\t\t\t<\/div>\n\t\t\t\t<\/div>\n\t\t<div class=\"elementor-element elementor-element-e6faa6e e-con-full e-flex e-con e-child\" data-id=\"e6faa6e\" data-element_type=\"container\">\n\t\t\t\t<div class=\"elementor-element elementor-element-9ab719d sc_fly_static elementor-widget elementor-widget-text-editor\" data-id=\"9ab719d\" data-element_type=\"widget\" data-widget_type=\"text-editor.default\">\n\t\t\t\t<div class=\"elementor-widget-container\">\n\t\t\t\t\t\t\t<p>The Moroccan SMEs Observatory's primary objective is to contribute to the reflection on inherent challenges in the national productive fabric by providing key indicators related to the demographics and economic and financial health of enterprises, especially SMEs, which constitute a significant component of the Moroccan economy. Its role involves offering an enlightened and objective perspective, enabling decision-makers to better grasp the dynamics and challenges shaping the entrepreneurial landscape, thus facilitating well-informed policymaking for sustainable SME development within our country.<br \/>The implementation of the Observatory stems from an extensive collaborative process, initiated in 2014 with various partners and intensified after the signing of data exchange agreements in 2017 with Bank Al-Maghrib, the General Tax Directorate (DGI), the National Social Security Fund (CNSS), and the Moroccan Office of Industrial and Commercial Property (OMPIC). It's worth noting that this framework is constantly evolving, reflecting the ongoing commitment to enhance mechanisms for collecting, sharing, and analyzing information related to the national economic fabric.<br \/>SMEs play a crucial role in the economic growth dynamics of the Kingdom. They generate employment opportunities, stimulate innovation, and contribute to regional development. <br \/>Their significant presence in the economic fabric underscores the urgent need to support their expansion and facilitate their growth to ensure a competitive and inclusive economy.<br \/>However, these companies often face significant challenges, including accessing financing, heightened competition, and constraints related to resources and skills. To address these challenges, it is imperative to have a comprehensive view of the productive landscape, supported by reliable, detailed, and regularly updated data.<br \/>The Moroccan SMEs Observatory actively engages in partnerships both nationally (ministerial departments, INPPLC, etc.) and internationally (World Bank, Alliance for Financial Inclusion, International Monetary Fund, etc.). These fruitful collaborations strengthen the Observatory's mission by fostering knowledge exchange and stimulating innovation.<br \/>Thanks to these synergies, the Observatory becomes a major player in promoting the growth and competitiveness of SMEs.<br \/>I would like to express my gratitude to the members of the Observatory whose commitment has been crucial in achieving a significant milestone in establishing a robust and reliable information framework. This project exemplifies our desire to promote information exchange among public sector institutions, leveraging digital opportunities to enhance data utilization and dissemination.<\/p>\t\t\t\t\t\t<\/div>\n\t\t\t\t<\/div>\n\t\t\t\t<\/div>\n\t\t\t\t\t<\/div>\n\t\t\t\t<\/div>\n\t\t\t\t<\/div>\n\t\t\t\t<\/div>","protected":false},"excerpt":{"rendered":"<p>Mot du Pr\u00e9sident M. Abdellatif JOUHARI, Pr\u00e9sident de l&#8217;OMTPME L&#8217;Observatoire Marocain de la TPME a pour objectif primordial de contribuer \u00e0 la r\u00e9flexion sur les enjeux inh\u00e9rents au tissu productif&hellip;<\/p>","protected":false},"author":1,"featured_media":0,"parent":0,"menu_order":0,"comment_status":"closed","ping_status":"closed","template":"","meta":{"_acf_changed":false,"footnotes":""},"class_list":["post-24574","page","type-page","status-publish","hentry"],"acf":[],"yoast_head":"<!-- This site is optimized with the Yoast SEO plugin v22.8 - https:\/\/yoast.com\/wordpress\/plugins\/seo\/ -->\n<title>Mot du Pr\u00e9sident - L&#039;Observatoire Marocain de la TPME - OMTPME<\/title>\n<meta name=\"robots\" content=\"index, follow, max-snippet:-1, max-image-preview:large, max-video-preview:-1\" \/>\n<link rel=\"canonical\" href=\"https:\/\/omtpme.ma\/en\/mot-du-president\/\" \/>\n<meta property=\"og:locale\" content=\"en_GB\" \/>\n<meta property=\"og:type\" content=\"article\" \/>\n<meta property=\"og:title\" content=\"Mot du Pr\u00e9sident - L&#039;Observatoire Marocain de la TPME - OMTPME\" \/>\n<meta property=\"og:description\" content=\"Mot du Pr\u00e9sident M. Abdellatif JOUHARI, Pr\u00e9sident de l&#8217;OMTPME L&#8217;Observatoire Marocain de la TPME a pour objectif primordial de contribuer \u00e0 la r\u00e9flexion sur les enjeux inh\u00e9rents au tissu productif&hellip;\" \/>\n<meta property=\"og:url\" content=\"https:\/\/omtpme.ma\/en\/mot-du-president\/\" \/>\n<meta property=\"og:site_name\" content=\"L&#039;Observatoire Marocain de la TPME - OMTPME\" \/>\n<meta property=\"article:publisher\" content=\"https:\/\/www.facebook.com\/ObservatoireMarocaindelaTPME\/\" \/>\n<meta property=\"article:modified_time\" content=\"2024-06-27T14:35:59+00:00\" \/>\n<meta property=\"og:image\" content=\"https:\/\/omtpme.ma\/wp-content\/uploads\/2023\/06\/image-20.png\" \/>\n<meta name=\"twitter:card\" content=\"summary_large_image\" \/>\n<meta name=\"twitter:site\" content=\"@OMTPME\" \/>\n<meta name=\"twitter:label1\" content=\"Estimated reading time\" \/>\n\t<meta name=\"twitter:data1\" content=\"3 minutes\" \/>\n<script type=\"application\/ld+json\" class=\"yoast-schema-graph\">{\"@context\":\"https:\/\/schema.org\",\"@graph\":[{\"@type\":\"WebPage\",\"@id\":\"https:\/\/omtpme.ma\/mot-du-president\/\",\"url\":\"https:\/\/omtpme.ma\/mot-du-president\/\",\"name\":\"Mot du Pr\u00e9sident - L&#039;Observatoire Marocain de la TPME - OMTPME\",\"isPartOf\":{\"@id\":\"https:\/\/omtpme.ma\/#website\"},\"primaryImageOfPage\":{\"@id\":\"https:\/\/omtpme.ma\/mot-du-president\/#primaryimage\"},\"image\":{\"@id\":\"https:\/\/omtpme.ma\/mot-du-president\/#primaryimage\"},\"thumbnailUrl\":\"https:\/\/omtpme.ma\/wp-content\/uploads\/2023\/06\/image-20.png\",\"datePublished\":\"2023-06-05T10:37:23+00:00\",\"dateModified\":\"2024-06-27T14:35:59+00:00\",\"breadcrumb\":{\"@id\":\"https:\/\/omtpme.ma\/mot-du-president\/#breadcrumb\"},\"inLanguage\":\"en-GB\",\"potentialAction\":[{\"@type\":\"ReadAction\",\"target\":[\"https:\/\/omtpme.ma\/mot-du-president\/\"]}]},{\"@type\":\"ImageObject\",\"inLanguage\":\"en-GB\",\"@id\":\"https:\/\/omtpme.ma\/mot-du-president\/#primaryimage\",\"url\":\"https:\/\/omtpme.ma\/wp-content\/uploads\/2023\/06\/image-20.png\",\"contentUrl\":\"https:\/\/omtpme.ma\/wp-content\/uploads\/2023\/06\/image-20.png\"},{\"@type\":\"BreadcrumbList\",\"@id\":\"https:\/\/omtpme.ma\/mot-du-president\/#breadcrumb\",\"itemListElement\":[{\"@type\":\"ListItem\",\"position\":1,\"name\":\"Accueil\",\"item\":\"https:\/\/omtpme.ma\/\"},{\"@type\":\"ListItem\",\"position\":2,\"name\":\"Mot du Pr\u00e9sident\"}]},{\"@type\":\"WebSite\",\"@id\":\"https:\/\/omtpme.ma\/#website\",\"url\":\"https:\/\/omtpme.ma\/\",\"name\":\"L&#039;Observatoire Marocain de la TPME - OMTPME\",\"description\":\"L&#039;Observatoire Marocain de la TPME - OMTPME\",\"publisher\":{\"@id\":\"https:\/\/omtpme.ma\/#organization\"},\"potentialAction\":[{\"@type\":\"SearchAction\",\"target\":{\"@type\":\"EntryPoint\",\"urlTemplate\":\"https:\/\/omtpme.ma\/?s={search_term_string}\"},\"query-input\":\"required name=search_term_string\"}],\"inLanguage\":\"en-GB\"},{\"@type\":\"Organization\",\"@id\":\"https:\/\/omtpme.ma\/#organization\",\"name\":\"L&#039;Observatoire Marocain de la TPME - OMTPME\",\"url\":\"https:\/\/omtpme.ma\/\",\"logo\":{\"@type\":\"ImageObject\",\"inLanguage\":\"en-GB\",\"@id\":\"https:\/\/omtpme.ma\/#\/schema\/logo\/image\/\",\"url\":\"https:\/\/omtpme.ma\/wp-content\/uploads\/2022\/01\/cropped-logo_omtpme-13.png\",\"contentUrl\":\"https:\/\/omtpme.ma\/wp-content\/uploads\/2022\/01\/cropped-logo_omtpme-13.png\",\"width\":240,\"height\":57,\"caption\":\"L&#039;Observatoire Marocain de la TPME - OMTPME\"},\"image\":{\"@id\":\"https:\/\/omtpme.ma\/#\/schema\/logo\/image\/\"},\"sameAs\":[\"https:\/\/www.facebook.com\/ObservatoireMarocaindelaTPME\/\",\"https:\/\/x.com\/OMTPME\",\"https:\/\/www.linkedin.com\/company\/observatoire-marocain-de-la-tpme\/?originalSubdomain=ma\",\"https:\/\/www.instagram.com\/OMTPME\",\"https:\/\/www.youtube.com\/@OMTPME\"]}]}<\/script>\n<!-- \/ Yoast SEO plugin. -->","yoast_head_json":{"title":"Mot du Pr\u00e9sident - L&#039;Observatoire Marocain de la TPME - OMTPME","robots":{"index":"index","follow":"follow","max-snippet":"max-snippet:-1","max-image-preview":"max-image-preview:large","max-video-preview":"max-video-preview:-1"},"canonical":"https:\/\/omtpme.ma\/en\/mot-du-president\/","og_locale":"en_GB","og_type":"article","og_title":"Mot du Pr\u00e9sident - L&#039;Observatoire Marocain de la TPME - OMTPME","og_description":"Mot du Pr\u00e9sident M. Abdellatif JOUHARI, Pr\u00e9sident de l&#8217;OMTPME L&#8217;Observatoire Marocain de la TPME a pour objectif primordial de contribuer \u00e0 la r\u00e9flexion sur les enjeux inh\u00e9rents au tissu productif&hellip;","og_url":"https:\/\/omtpme.ma\/en\/mot-du-president\/","og_site_name":"L&#039;Observatoire Marocain de la TPME - OMTPME","article_publisher":"https:\/\/www.facebook.com\/ObservatoireMarocaindelaTPME\/","article_modified_time":"2024-06-27T14:35:59+00:00","og_image":[{"url":"https:\/\/omtpme.ma\/wp-content\/uploads\/2023\/06\/image-20.png"}],"twitter_card":"summary_large_image","twitter_site":"@OMTPME","twitter_misc":{"Estimated reading time":"3 minutes"},"schema":{"@context":"https:\/\/schema.org","@graph":[{"@type":"WebPage","@id":"https:\/\/omtpme.ma\/mot-du-president\/","url":"https:\/\/omtpme.ma\/mot-du-president\/","name":"Mot du Pr\u00e9sident - L&#039;Observatoire Marocain de la TPME - OMTPME","isPartOf":{"@id":"https:\/\/omtpme.ma\/#website"},"primaryImageOfPage":{"@id":"https:\/\/omtpme.ma\/mot-du-president\/#primaryimage"},"image":{"@id":"https:\/\/omtpme.ma\/mot-du-president\/#primaryimage"},"thumbnailUrl":"https:\/\/omtpme.ma\/wp-content\/uploads\/2023\/06\/image-20.png","datePublished":"2023-06-05T10:37:23+00:00","dateModified":"2024-06-27T14:35:59+00:00","breadcrumb":{"@id":"https:\/\/omtpme.ma\/mot-du-president\/#breadcrumb"},"inLanguage":"en-GB","potentialAction":[{"@type":"ReadAction","target":["https:\/\/omtpme.ma\/mot-du-president\/"]}]},{"@type":"ImageObject","inLanguage":"en-GB","@id":"https:\/\/omtpme.ma\/mot-du-president\/#primaryimage","url":"https:\/\/omtpme.ma\/wp-content\/uploads\/2023\/06\/image-20.png","contentUrl":"https:\/\/omtpme.ma\/wp-content\/uploads\/2023\/06\/image-20.png"},{"@type":"BreadcrumbList","@id":"https:\/\/omtpme.ma\/mot-du-president\/#breadcrumb","itemListElement":[{"@type":"ListItem","position":1,"name":"Accueil","item":"https:\/\/omtpme.ma\/"},{"@type":"ListItem","position":2,"name":"Mot du Pr\u00e9sident"}]},{"@type":"WebSite","@id":"https:\/\/omtpme.ma\/#website","url":"https:\/\/omtpme.ma\/","name":"L&#039;Observatoire Marocain de la TPME - OMTPME","description":"L&#039;Observatoire Marocain de la TPME - OMTPME","publisher":{"@id":"https:\/\/omtpme.ma\/#organization"},"potentialAction":[{"@type":"SearchAction","target":{"@type":"EntryPoint","urlTemplate":"https:\/\/omtpme.ma\/?s={search_term_string}"},"query-input":"required name=search_term_string"}],"inLanguage":"en-GB"},{"@type":"Organization","@id":"https:\/\/omtpme.ma\/#organization","name":"L&#039;Observatoire Marocain de la TPME - OMTPME","url":"https:\/\/omtpme.ma\/","logo":{"@type":"ImageObject","inLanguage":"en-GB","@id":"https:\/\/omtpme.ma\/#\/schema\/logo\/image\/","url":"https:\/\/omtpme.ma\/wp-content\/uploads\/2022\/01\/cropped-logo_omtpme-13.png","contentUrl":"https:\/\/omtpme.ma\/wp-content\/uploads\/2022\/01\/cropped-logo_omtpme-13.png","width":240,"height":57,"caption":"L&#039;Observatoire Marocain de la TPME - OMTPME"},"image":{"@id":"https:\/\/omtpme.ma\/#\/schema\/logo\/image\/"},"sameAs":["https:\/\/www.facebook.com\/ObservatoireMarocaindelaTPME\/","https:\/\/x.com\/OMTPME","https:\/\/www.linkedin.com\/company\/observatoire-marocain-de-la-tpme\/?originalSubdomain=ma","https:\/\/www.instagram.com\/OMTPME","https:\/\/www.youtube.com\/@OMTPME"]}]}},"_links":{"self":[{"href":"https:\/\/omtpme.ma\/en\/wp-json\/wp\/v2\/pages\/24574","targetHints":{"allow":["GET"]}}],"collection":[{"href":"https:\/\/omtpme.ma\/en\/wp-json\/wp\/v2\/pages"}],"about":[{"href":"https:\/\/omtpme.ma\/en\/wp-json\/wp\/v2\/types\/page"}],"author":[{"embeddable":true,"href":"https:\/\/omtpme.ma\/en\/wp-json\/wp\/v2\/users\/1"}],"replies":[{"embeddable":true,"href":"https:\/\/omtpme.ma\/en\/wp-json\/wp\/v2\/comments?post=24574"}],"version-history":[{"count":3,"href":"https:\/\/omtpme.ma\/en\/wp-json\/wp\/v2\/pages\/24574\/revisions"}],"predecessor-version":[{"id":27498,"href":"https:\/\/omtpme.ma\/en\/wp-json\/wp\/v2\/pages\/24574\/revisions\/27498"}],"wp:attachment":[{"href":"https:\/\/omtpme.ma\/en\/wp-json\/wp\/v2\/media?parent=24574"}],"curies":[{"name":"wp","href":"https:\/\/api.w.org\/{rel}","templated":true}]}}