{"id":24695,"date":"2023-06-05T17:20:09","date_gmt":"2023-06-05T15:20:09","guid":{"rendered":"https:\/\/omtpme.ma\/?page_id=24695"},"modified":"2024-04-16T19:02:09","modified_gmt":"2024-04-16T17:02:09","slug":"mot-de-la-directrice-executive","status":"publish","type":"page","link":"https:\/\/omtpme.ma\/en\/mot-de-la-directrice-executive\/","title":{"rendered":"Word from the Executive Director"},"content":{"rendered":"<div data-elementor-type=\"wp-page\" data-elementor-id=\"24695\" class=\"elementor elementor-24695\">\n\t\t\t\t<div class=\"elementor-element elementor-element-72925c8 e-con-full e-flex e-con e-parent\" data-id=\"72925c8\" data-element_type=\"container\" data-settings=\"{&quot;background_background&quot;:&quot;classic&quot;}\">\n\t\t<div class=\"elementor-element elementor-element-4735db3 e-con-full e-flex e-con e-child\" data-id=\"4735db3\" data-element_type=\"container\" data-settings=\"{&quot;background_background&quot;:&quot;classic&quot;}\">\n\t\t\t\t<div class=\"elementor-element elementor-element-b4fa51c sc_fly_static elementor-widget elementor-widget-heading\" data-id=\"b4fa51c\" data-element_type=\"widget\" data-widget_type=\"heading.default\">\n\t\t\t\t<div class=\"elementor-widget-container\">\n\t\t\t<h2 class=\"elementor-heading-title elementor-size-default\">Word from the Executive Director<\/h2>\t\t<\/div>\n\t\t\t\t<\/div>\n\t\t\t\t<div class=\"elementor-element elementor-element-2766328 elementor-view-default sc_fly_static elementor-widget elementor-widget-icon\" data-id=\"2766328\" data-element_type=\"widget\" data-widget_type=\"icon.default\">\n\t\t\t\t<div class=\"elementor-widget-container\">\n\t\t\t\t\t<div class=\"elementor-icon-wrapper\">\n\t\t\t<div class=\"elementor-icon\">\n\t\t\t<i aria-hidden=\"true\" class=\"fas fa-chevron-down\"><\/i>\t\t\t<\/div>\n\t\t<\/div>\n\t\t\t\t<\/div>\n\t\t\t\t<\/div>\n\t\t\t\t<\/div>\n\t\t<div class=\"elementor-element elementor-element-fc8c28f e-flex e-con-boxed e-con e-child\" data-id=\"fc8c28f\" data-element_type=\"container\" data-settings=\"{&quot;background_background&quot;:&quot;classic&quot;}\">\n\t\t\t\t\t<div class=\"e-con-inner\">\n\t\t<div class=\"elementor-element elementor-element-d9aeb63 e-con-full e-flex e-con e-child\" data-id=\"d9aeb63\" data-element_type=\"container\" data-settings=\"{&quot;background_background&quot;:&quot;classic&quot;}\">\n\t\t\t\t<div class=\"elementor-element elementor-element-18052c6 sc_fly_static elementor-widget elementor-widget-image\" data-id=\"18052c6\" data-element_type=\"widget\" data-widget_type=\"image.default\">\n\t\t\t\t<div class=\"elementor-widget-container\">\n\t\t\t\t\t\t\t\t\t\t\t\t\t<img fetchpriority=\"high\" decoding=\"async\" width=\"1509\" height=\"790\" src=\"https:\/\/omtpme.ma\/wp-content\/uploads\/2023\/06\/image-20-1.png\" class=\"attachment-full size-full wp-image-24700\" alt=\"\" srcset=\"https:\/\/omtpme.ma\/wp-content\/uploads\/2023\/06\/image-20-1.png 1509w, https:\/\/omtpme.ma\/wp-content\/uploads\/2023\/06\/image-20-1-300x157.png 300w, https:\/\/omtpme.ma\/wp-content\/uploads\/2023\/06\/image-20-1-1024x536.png 1024w, https:\/\/omtpme.ma\/wp-content\/uploads\/2023\/06\/image-20-1-768x402.png 768w, https:\/\/omtpme.ma\/wp-content\/uploads\/2023\/06\/image-20-1-18x9.png 18w, https:\/\/omtpme.ma\/wp-content\/uploads\/2023\/06\/image-20-1-370x194.png 370w, https:\/\/omtpme.ma\/wp-content\/uploads\/2023\/06\/image-20-1-840x440.png 840w, https:\/\/omtpme.ma\/wp-content\/uploads\/2023\/06\/image-20-1-410x215.png 410w\" sizes=\"(max-width: 1509px) 100vw, 1509px\" \/>\t\t\t\t\t\t\t\t\t\t\t\t\t<\/div>\n\t\t\t\t<\/div>\n\t\t\t\t<div class=\"elementor-element elementor-element-33a761e sc_fly_static elementor-widget elementor-widget-spacer\" data-id=\"33a761e\" data-element_type=\"widget\" data-widget_type=\"spacer.default\">\n\t\t\t\t<div class=\"elementor-widget-container\">\n\t\t\t\t\t<div class=\"elementor-spacer\">\n\t\t\t<div class=\"elementor-spacer-inner\"><\/div>\n\t\t<\/div>\n\t\t\t\t<\/div>\n\t\t\t\t<\/div>\n\t\t\t\t<div class=\"elementor-element elementor-element-1c7a766 elementor-widget__width-inherit sc_fly_static elementor-widget elementor-widget-heading\" data-id=\"1c7a766\" data-element_type=\"widget\" data-widget_type=\"heading.default\">\n\t\t\t\t<div class=\"elementor-widget-container\">\n\t\t\t<h2 class=\"elementor-heading-title elementor-size-default\">Mrs. Amal IDRISSI, the Executive Director Of The Observatory<\/h2>\t\t<\/div>\n\t\t\t\t<\/div>\n\t\t\t\t<div class=\"elementor-element elementor-element-909f237 sc_fly_static elementor-widget elementor-widget-spacer\" data-id=\"909f237\" data-element_type=\"widget\" data-widget_type=\"spacer.default\">\n\t\t\t\t<div class=\"elementor-widget-container\">\n\t\t\t\t\t<div class=\"elementor-spacer\">\n\t\t\t<div class=\"elementor-spacer-inner\"><\/div>\n\t\t<\/div>\n\t\t\t\t<\/div>\n\t\t\t\t<\/div>\n\t\t\t\t<\/div>\n\t\t<div class=\"elementor-element elementor-element-e6faa6e e-con-full e-flex e-con e-child\" data-id=\"e6faa6e\" data-element_type=\"container\">\n\t\t\t\t<div class=\"elementor-element elementor-element-9ab719d sc_fly_static elementor-widget elementor-widget-text-editor\" data-id=\"9ab719d\" data-element_type=\"widget\" data-widget_type=\"text-editor.default\">\n\t\t\t\t<div class=\"elementor-widget-container\">\n\t\t\t\t\t\t\t<p>The utilization of data concerning businesses has become an essential tool in the service of development strategies for Micro, Small, and Medium Enterprises (MSMEs).<br>ndeed, \"Big Data,\" artificial intelligence, value chain transformation, and strategies based on a \"data culture\" characterize the current forms of the digital revolution, enabling a better exploitation of business growth potential.<br>The Moroccan SMEs Observatory has firmly committed to this digital transformation, which opens new perspectives in terms of operational methods and represents a genuine opportunity to create unprecedented services, acquire new knowledge, and make the economy more inclusive and efficient. However, it is crucial to recognize that this digital revolution is also accompanied by significant challenges that need to be addressed.<br>Thanks to the support and data received from our partners, we have succeeded in building a unique information system in Morocco, allowing the consolidation and qualification of data from public administrations (DGI, CNSS, BAM, Ministry of Trade and Industry, OMPIC...) covering almost all formal enterprises in Morocco, for the purpose of multidimensional and temporal analysis.<br>This collective effort has been a true catalyst in the Observatory's productions, which has since become firmly embedded in the Moroccan economic landscape and plays a pivotal role in the development strategy of SMEs. Its productions serve as a reference for public authorities in formulating relevant policies for this business segment and measuring its impact for continuous improvement.<br>Our website provides open access to the latest demographic, economic, and financial indicators related to businesses, as well as the technical and technological framework of their accomplishments. This initiative underscores the commitment of a passionate team dedicated to innovation in the service of our country's enterprises development.<\/p>\t\t\t\t\t\t<\/div>\n\t\t\t\t<\/div>\n\t\t\t\t<\/div>\n\t\t\t\t\t<\/div>\n\t\t\t\t<\/div>\n\t\t\t\t<\/div>\n\t\t\t\t<\/div>","protected":false},"excerpt":{"rendered":"<p>Mot de la Directrice Ex\u00e9cutive Mme Amal IDRISSI, Directrice Ex\u00e9cutive de l\u2019OMTPME. L&#8217;exploitation des donn\u00e9es relatives aux entreprises est devenue un outil essentiel au service des strat\u00e9gies de d\u00e9veloppement des&hellip;<\/p>","protected":false},"author":1,"featured_media":0,"parent":0,"menu_order":0,"comment_status":"closed","ping_status":"closed","template":"","meta":{"_acf_changed":false,"footnotes":""},"class_list":["post-24695","page","type-page","status-publish","hentry"],"acf":[],"yoast_head":"<!-- This site is optimized with the Yoast SEO plugin v22.8 - https:\/\/yoast.com\/wordpress\/plugins\/seo\/ -->\n<title>Mot de la Directrice Ex\u00e9cutive - L&#039;Observatoire Marocain de la TPME - OMTPME<\/title>\n<meta name=\"robots\" content=\"index, follow, max-snippet:-1, max-image-preview:large, max-video-preview:-1\" \/>\n<link rel=\"canonical\" href=\"https:\/\/omtpme.ma\/en\/mot-de-la-directrice-executive\/\" \/>\n<meta property=\"og:locale\" content=\"en_GB\" \/>\n<meta property=\"og:type\" content=\"article\" \/>\n<meta property=\"og:title\" content=\"Mot de la Directrice Ex\u00e9cutive - L&#039;Observatoire Marocain de la TPME - OMTPME\" \/>\n<meta property=\"og:description\" content=\"Mot de la Directrice Ex\u00e9cutive Mme Amal IDRISSI, Directrice Ex\u00e9cutive de l\u2019OMTPME. L&#8217;exploitation des donn\u00e9es relatives aux entreprises est devenue un outil essentiel au service des strat\u00e9gies de d\u00e9veloppement des&hellip;\" \/>\n<meta property=\"og:url\" content=\"https:\/\/omtpme.ma\/en\/mot-de-la-directrice-executive\/\" \/>\n<meta property=\"og:site_name\" content=\"L&#039;Observatoire Marocain de la TPME - OMTPME\" \/>\n<meta property=\"article:publisher\" content=\"https:\/\/www.facebook.com\/ObservatoireMarocaindelaTPME\/\" \/>\n<meta property=\"article:modified_time\" content=\"2024-04-16T17:02:09+00:00\" \/>\n<meta property=\"og:image\" content=\"https:\/\/omtpme.ma\/wp-content\/uploads\/2023\/06\/image-20-1.png\" \/>\n<meta name=\"twitter:card\" content=\"summary_large_image\" \/>\n<meta name=\"twitter:site\" content=\"@OMTPME\" \/>\n<meta name=\"twitter:label1\" content=\"Estimated reading time\" \/>\n\t<meta name=\"twitter:data1\" content=\"2 minutes\" \/>\n<script type=\"application\/ld+json\" class=\"yoast-schema-graph\">{\"@context\":\"https:\/\/schema.org\",\"@graph\":[{\"@type\":\"WebPage\",\"@id\":\"https:\/\/omtpme.ma\/mot-de-la-directrice-executive\/\",\"url\":\"https:\/\/omtpme.ma\/mot-de-la-directrice-executive\/\",\"name\":\"Mot de la Directrice Ex\u00e9cutive - L&#039;Observatoire Marocain de la TPME - OMTPME\",\"isPartOf\":{\"@id\":\"https:\/\/omtpme.ma\/#website\"},\"primaryImageOfPage\":{\"@id\":\"https:\/\/omtpme.ma\/mot-de-la-directrice-executive\/#primaryimage\"},\"image\":{\"@id\":\"https:\/\/omtpme.ma\/mot-de-la-directrice-executive\/#primaryimage\"},\"thumbnailUrl\":\"https:\/\/omtpme.ma\/wp-content\/uploads\/2023\/06\/image-20-1.png\",\"datePublished\":\"2023-06-05T15:20:09+00:00\",\"dateModified\":\"2024-04-16T17:02:09+00:00\",\"breadcrumb\":{\"@id\":\"https:\/\/omtpme.ma\/mot-de-la-directrice-executive\/#breadcrumb\"},\"inLanguage\":\"en-GB\",\"potentialAction\":[{\"@type\":\"ReadAction\",\"target\":[\"https:\/\/omtpme.ma\/mot-de-la-directrice-executive\/\"]}]},{\"@type\":\"ImageObject\",\"inLanguage\":\"en-GB\",\"@id\":\"https:\/\/omtpme.ma\/mot-de-la-directrice-executive\/#primaryimage\",\"url\":\"https:\/\/omtpme.ma\/wp-content\/uploads\/2023\/06\/image-20-1.png\",\"contentUrl\":\"https:\/\/omtpme.ma\/wp-content\/uploads\/2023\/06\/image-20-1.png\"},{\"@type\":\"BreadcrumbList\",\"@id\":\"https:\/\/omtpme.ma\/mot-de-la-directrice-executive\/#breadcrumb\",\"itemListElement\":[{\"@type\":\"ListItem\",\"position\":1,\"name\":\"Accueil\",\"item\":\"https:\/\/omtpme.ma\/\"},{\"@type\":\"ListItem\",\"position\":2,\"name\":\"Mot de la Directrice Ex\u00e9cutive\"}]},{\"@type\":\"WebSite\",\"@id\":\"https:\/\/omtpme.ma\/#website\",\"url\":\"https:\/\/omtpme.ma\/\",\"name\":\"L&#039;Observatoire Marocain de la TPME - OMTPME\",\"description\":\"L&#039;Observatoire Marocain de la TPME - OMTPME\",\"publisher\":{\"@id\":\"https:\/\/omtpme.ma\/#organization\"},\"potentialAction\":[{\"@type\":\"SearchAction\",\"target\":{\"@type\":\"EntryPoint\",\"urlTemplate\":\"https:\/\/omtpme.ma\/?s={search_term_string}\"},\"query-input\":\"required name=search_term_string\"}],\"inLanguage\":\"en-GB\"},{\"@type\":\"Organization\",\"@id\":\"https:\/\/omtpme.ma\/#organization\",\"name\":\"L&#039;Observatoire Marocain de la TPME - OMTPME\",\"url\":\"https:\/\/omtpme.ma\/\",\"logo\":{\"@type\":\"ImageObject\",\"inLanguage\":\"en-GB\",\"@id\":\"https:\/\/omtpme.ma\/#\/schema\/logo\/image\/\",\"url\":\"https:\/\/omtpme.ma\/wp-content\/uploads\/2022\/01\/cropped-logo_omtpme-13.png\",\"contentUrl\":\"https:\/\/omtpme.ma\/wp-content\/uploads\/2022\/01\/cropped-logo_omtpme-13.png\",\"width\":240,\"height\":57,\"caption\":\"L&#039;Observatoire Marocain de la TPME - OMTPME\"},\"image\":{\"@id\":\"https:\/\/omtpme.ma\/#\/schema\/logo\/image\/\"},\"sameAs\":[\"https:\/\/www.facebook.com\/ObservatoireMarocaindelaTPME\/\",\"https:\/\/x.com\/OMTPME\",\"https:\/\/www.linkedin.com\/company\/observatoire-marocain-de-la-tpme\/?originalSubdomain=ma\",\"https:\/\/www.instagram.com\/OMTPME\",\"https:\/\/www.youtube.com\/@OMTPME\"]}]}<\/script>\n<!-- \/ Yoast SEO plugin. -->","yoast_head_json":{"title":"Mot de la Directrice Ex\u00e9cutive - L&#039;Observatoire Marocain de la TPME - OMTPME","robots":{"index":"index","follow":"follow","max-snippet":"max-snippet:-1","max-image-preview":"max-image-preview:large","max-video-preview":"max-video-preview:-1"},"canonical":"https:\/\/omtpme.ma\/en\/mot-de-la-directrice-executive\/","og_locale":"en_GB","og_type":"article","og_title":"Mot de la Directrice Ex\u00e9cutive - L&#039;Observatoire Marocain de la TPME - OMTPME","og_description":"Mot de la Directrice Ex\u00e9cutive Mme Amal IDRISSI, Directrice Ex\u00e9cutive de l\u2019OMTPME. L&#8217;exploitation des donn\u00e9es relatives aux entreprises est devenue un outil essentiel au service des strat\u00e9gies de d\u00e9veloppement des&hellip;","og_url":"https:\/\/omtpme.ma\/en\/mot-de-la-directrice-executive\/","og_site_name":"L&#039;Observatoire Marocain de la TPME - OMTPME","article_publisher":"https:\/\/www.facebook.com\/ObservatoireMarocaindelaTPME\/","article_modified_time":"2024-04-16T17:02:09+00:00","og_image":[{"url":"https:\/\/omtpme.ma\/wp-content\/uploads\/2023\/06\/image-20-1.png"}],"twitter_card":"summary_large_image","twitter_site":"@OMTPME","twitter_misc":{"Estimated reading time":"2 minutes"},"schema":{"@context":"https:\/\/schema.org","@graph":[{"@type":"WebPage","@id":"https:\/\/omtpme.ma\/mot-de-la-directrice-executive\/","url":"https:\/\/omtpme.ma\/mot-de-la-directrice-executive\/","name":"Mot de la Directrice Ex\u00e9cutive - L&#039;Observatoire Marocain de la TPME - OMTPME","isPartOf":{"@id":"https:\/\/omtpme.ma\/#website"},"primaryImageOfPage":{"@id":"https:\/\/omtpme.ma\/mot-de-la-directrice-executive\/#primaryimage"},"image":{"@id":"https:\/\/omtpme.ma\/mot-de-la-directrice-executive\/#primaryimage"},"thumbnailUrl":"https:\/\/omtpme.ma\/wp-content\/uploads\/2023\/06\/image-20-1.png","datePublished":"2023-06-05T15:20:09+00:00","dateModified":"2024-04-16T17:02:09+00:00","breadcrumb":{"@id":"https:\/\/omtpme.ma\/mot-de-la-directrice-executive\/#breadcrumb"},"inLanguage":"en-GB","potentialAction":[{"@type":"ReadAction","target":["https:\/\/omtpme.ma\/mot-de-la-directrice-executive\/"]}]},{"@type":"ImageObject","inLanguage":"en-GB","@id":"https:\/\/omtpme.ma\/mot-de-la-directrice-executive\/#primaryimage","url":"https:\/\/omtpme.ma\/wp-content\/uploads\/2023\/06\/image-20-1.png","contentUrl":"https:\/\/omtpme.ma\/wp-content\/uploads\/2023\/06\/image-20-1.png"},{"@type":"BreadcrumbList","@id":"https:\/\/omtpme.ma\/mot-de-la-directrice-executive\/#breadcrumb","itemListElement":[{"@type":"ListItem","position":1,"name":"Accueil","item":"https:\/\/omtpme.ma\/"},{"@type":"ListItem","position":2,"name":"Mot de la Directrice Ex\u00e9cutive"}]},{"@type":"WebSite","@id":"https:\/\/omtpme.ma\/#website","url":"https:\/\/omtpme.ma\/","name":"L&#039;Observatoire Marocain de la TPME - OMTPME","description":"L&#039;Observatoire Marocain de la TPME - OMTPME","publisher":{"@id":"https:\/\/omtpme.ma\/#organization"},"potentialAction":[{"@type":"SearchAction","target":{"@type":"EntryPoint","urlTemplate":"https:\/\/omtpme.ma\/?s={search_term_string}"},"query-input":"required name=search_term_string"}],"inLanguage":"en-GB"},{"@type":"Organization","@id":"https:\/\/omtpme.ma\/#organization","name":"L&#039;Observatoire Marocain de la TPME - OMTPME","url":"https:\/\/omtpme.ma\/","logo":{"@type":"ImageObject","inLanguage":"en-GB","@id":"https:\/\/omtpme.ma\/#\/schema\/logo\/image\/","url":"https:\/\/omtpme.ma\/wp-content\/uploads\/2022\/01\/cropped-logo_omtpme-13.png","contentUrl":"https:\/\/omtpme.ma\/wp-content\/uploads\/2022\/01\/cropped-logo_omtpme-13.png","width":240,"height":57,"caption":"L&#039;Observatoire Marocain de la TPME - OMTPME"},"image":{"@id":"https:\/\/omtpme.ma\/#\/schema\/logo\/image\/"},"sameAs":["https:\/\/www.facebook.com\/ObservatoireMarocaindelaTPME\/","https:\/\/x.com\/OMTPME","https:\/\/www.linkedin.com\/company\/observatoire-marocain-de-la-tpme\/?originalSubdomain=ma","https:\/\/www.instagram.com\/OMTPME","https:\/\/www.youtube.com\/@OMTPME"]}]}},"_links":{"self":[{"href":"https:\/\/omtpme.ma\/en\/wp-json\/wp\/v2\/pages\/24695","targetHints":{"allow":["GET"]}}],"collection":[{"href":"https:\/\/omtpme.ma\/en\/wp-json\/wp\/v2\/pages"}],"about":[{"href":"https:\/\/omtpme.ma\/en\/wp-json\/wp\/v2\/types\/page"}],"author":[{"embeddable":true,"href":"https:\/\/omtpme.ma\/en\/wp-json\/wp\/v2\/users\/1"}],"replies":[{"embeddable":true,"href":"https:\/\/omtpme.ma\/en\/wp-json\/wp\/v2\/comments?post=24695"}],"version-history":[{"count":1,"href":"https:\/\/omtpme.ma\/en\/wp-json\/wp\/v2\/pages\/24695\/revisions"}],"predecessor-version":[{"id":27499,"href":"https:\/\/omtpme.ma\/en\/wp-json\/wp\/v2\/pages\/24695\/revisions\/27499"}],"wp:attachment":[{"href":"https:\/\/omtpme.ma\/en\/wp-json\/wp\/v2\/media?parent=24695"}],"curies":[{"name":"wp","href":"https:\/\/api.w.org\/{rel}","templated":true}]}}